{"id":990,"date":"2023-07-24T17:12:49","date_gmt":"2023-07-24T15:12:49","guid":{"rendered":"https:\/\/laplattea.com\/?page_id=990"},"modified":"2025-07-17T11:33:44","modified_gmt":"2025-07-17T09:33:44","slug":"cafes-especiales","status":"publish","type":"page","link":"https:\/\/laplattea.com\/en\/cafes-especiales\/","title":{"rendered":"Caf\u00e9s Especiales"},"content":{"rendered":"<div data-elementor-type=\"wp-page\" data-elementor-id=\"990\" class=\"elementor elementor-990\" data-elementor-post-type=\"page\">\n\t\t\t\t\t\t<section class=\"elementor-section elementor-top-section elementor-element elementor-element-b0fd5fa elementor-section-boxed elementor-section-height-default elementor-section-height-default\" data-id=\"b0fd5fa\" data-element_type=\"section\" data-settings=\"{&quot;background_background&quot;:&quot;classic&quot;}\">\n\t\t\t\t\t\t\t<div class=\"elementor-background-overlay\"><\/div>\n\t\t\t\t\t\t\t<div class=\"elementor-container elementor-column-gap-default\">\n\t\t\t\t\t<div class=\"elementor-column elementor-col-100 elementor-top-column elementor-element elementor-element-15ac8db\" data-id=\"15ac8db\" data-element_type=\"column\">\n\t\t\t<div class=\"elementor-widget-wrap elementor-element-populated\">\n\t\t\t\t\t\t<div class=\"elementor-element elementor-element-fb390ab elementor-widget elementor-widget-heading\" data-id=\"fb390ab\" data-element_type=\"widget\" data-widget_type=\"heading.default\">\n\t\t\t\t<div class=\"elementor-widget-container\">\n\t\t\t<h2 class=\"elementor-heading-title elementor-size-default\">Caf\u00e9s especiales<\/h2>\t\t<\/div>\n\t\t\t\t<\/div>\n\t\t\t\t\t<\/div>\n\t\t<\/div>\n\t\t\t\t\t<\/div>\n\t\t<\/section>\n\t\t\t\t<section class=\"elementor-section elementor-top-section elementor-element elementor-element-8b2d301 elementor-section-boxed elementor-section-height-default elementor-section-height-default\" data-id=\"8b2d301\" data-element_type=\"section\">\n\t\t\t\t\t\t<div class=\"elementor-container elementor-column-gap-extended\">\n\t\t\t\t\t<div class=\"elementor-column elementor-col-20 elementor-top-column elementor-element elementor-element-2949170\" data-id=\"2949170\" data-element_type=\"column\">\n\t\t\t<div class=\"elementor-widget-wrap elementor-element-populated\">\n\t\t\t\t\t\t<div class=\"elementor-element elementor-element-3261279 elementor-widget elementor-widget-heading\" data-id=\"3261279\" data-element_type=\"widget\" data-widget_type=\"heading.default\">\n\t\t\t\t<div class=\"elementor-widget-container\">\n\t\t\t<h3 class=\"elementor-heading-title elementor-size-default\">Bomb\u00f3n b\u00e1sico<\/h3>\t\t<\/div>\n\t\t\t\t<\/div>\n\t\t\t\t<div class=\"elementor-element elementor-element-cc7f93a elementor-widget elementor-widget-text-editor\" data-id=\"cc7f93a\" data-element_type=\"widget\" data-widget_type=\"text-editor.default\">\n\t\t\t\t<div class=\"elementor-widget-container\">\n\t\t\t\t\t\t\t<p style=\"text-align: left;\"><strong>Contiene:<\/strong><\/p><p style=\"text-align: left;\"><img decoding=\"async\" class=\"wp-image-1317\" src=\"https:\/\/laplattea.com\/wp-content\/uploads\/2023\/11\/lacteos.jpg\" alt=\"\" width=\"58\" height=\"58\" srcset=\"https:\/\/laplattea.com\/wp-content\/uploads\/2023\/11\/lacteos.jpg 128w, https:\/\/laplattea.com\/wp-content\/uploads\/2023\/11\/lacteos-12x12.jpg 12w\" sizes=\"(max-width: 58px) 100vw, 58px\" \/><\/p>\t\t\t\t\t\t<\/div>\n\t\t\t\t<\/div>\n\t\t\t\t\t<\/div>\n\t\t<\/div>\n\t\t\t\t<div class=\"elementor-column elementor-col-20 elementor-top-column elementor-element elementor-element-ac6ef85\" data-id=\"ac6ef85\" data-element_type=\"column\">\n\t\t\t<div class=\"elementor-widget-wrap elementor-element-populated\">\n\t\t\t\t\t\t<div class=\"elementor-element elementor-element-77cf36a elementor-widget elementor-widget-heading\" data-id=\"77cf36a\" data-element_type=\"widget\" data-widget_type=\"heading.default\">\n\t\t\t\t<div class=\"elementor-widget-container\">\n\t\t\t<h3 class=\"elementor-heading-title elementor-size-default\">Caf\u00e9 carajillo<\/h3>\t\t<\/div>\n\t\t\t\t<\/div>\n\t\t\t\t<div class=\"elementor-element elementor-element-9f01048 elementor-widget elementor-widget-text-editor\" data-id=\"9f01048\" data-element_type=\"widget\" data-widget_type=\"text-editor.default\">\n\t\t\t\t<div class=\"elementor-widget-container\">\n\t\t\t\t\t\t\t<p style=\"text-align: center;\">quemado con brandy<\/p>\t\t\t\t\t\t<\/div>\n\t\t\t\t<\/div>\n\t\t\t\t\t<\/div>\n\t\t<\/div>\n\t\t\t\t<div class=\"elementor-column elementor-col-20 elementor-top-column elementor-element elementor-element-44847e6\" data-id=\"44847e6\" data-element_type=\"column\">\n\t\t\t<div class=\"elementor-widget-wrap elementor-element-populated\">\n\t\t\t\t\t\t<div class=\"elementor-element elementor-element-58c6ede elementor-widget elementor-widget-heading\" data-id=\"58c6ede\" data-element_type=\"widget\" data-widget_type=\"heading.default\">\n\t\t\t\t<div class=\"elementor-widget-container\">\n\t\t\t<h3 class=\"elementor-heading-title elementor-size-default\">Carajillo especial<\/h3>\t\t<\/div>\n\t\t\t\t<\/div>\n\t\t\t\t<div class=\"elementor-element elementor-element-418a6ab elementor-widget elementor-widget-text-editor\" data-id=\"418a6ab\" data-element_type=\"widget\" data-widget_type=\"text-editor.default\">\n\t\t\t\t<div class=\"elementor-widget-container\">\n\t\t\t\t\t\t\t<p style=\"text-align: center;\">quemado con brandy naranja y toques de canela y nata<\/p>\t\t\t\t\t\t<\/div>\n\t\t\t\t<\/div>\n\t\t\t\t\t<\/div>\n\t\t<\/div>\n\t\t\t\t<div class=\"elementor-column elementor-col-20 elementor-top-column elementor-element elementor-element-b721a63\" data-id=\"b721a63\" data-element_type=\"column\">\n\t\t\t<div class=\"elementor-widget-wrap elementor-element-populated\">\n\t\t\t\t\t\t<div class=\"elementor-element elementor-element-70eb1d8 elementor-widget elementor-widget-heading\" data-id=\"70eb1d8\" data-element_type=\"widget\" data-widget_type=\"heading.default\">\n\t\t\t\t<div class=\"elementor-widget-container\">\n\t\t\t<h3 class=\"elementor-heading-title elementor-size-default\">Irland\u00e9s\u200b<\/h3>\t\t<\/div>\n\t\t\t\t<\/div>\n\t\t\t\t<div class=\"elementor-element elementor-element-c36b95d elementor-widget elementor-widget-text-editor\" data-id=\"c36b95d\" data-element_type=\"widget\" data-widget_type=\"text-editor.default\">\n\t\t\t\t<div class=\"elementor-widget-container\">\n\t\t\t\t\t\t\t<p style=\"text-align: left;\"><strong>Contiene:<\/strong><\/p><p style=\"text-align: left;\"><img decoding=\"async\" class=\"alignnone wp-image-1317\" src=\"https:\/\/laplattea.com\/wp-content\/uploads\/2023\/11\/lacteos.jpg\" alt=\"\" width=\"58\" height=\"58\" srcset=\"https:\/\/laplattea.com\/wp-content\/uploads\/2023\/11\/lacteos.jpg 128w, https:\/\/laplattea.com\/wp-content\/uploads\/2023\/11\/lacteos-12x12.jpg 12w\" sizes=\"(max-width: 58px) 100vw, 58px\" \/><\/p>\t\t\t\t\t\t<\/div>\n\t\t\t\t<\/div>\n\t\t\t\t\t<\/div>\n\t\t<\/div>\n\t\t\t\t<div class=\"elementor-column elementor-col-20 elementor-top-column elementor-element elementor-element-fbb57c1\" data-id=\"fbb57c1\" data-element_type=\"column\">\n\t\t\t<div class=\"elementor-widget-wrap elementor-element-populated\">\n\t\t\t\t\t\t<div class=\"elementor-element elementor-element-a6b9993 elementor-widget elementor-widget-heading\" data-id=\"a6b9993\" data-element_type=\"widget\" data-widget_type=\"heading.default\">\n\t\t\t\t<div class=\"elementor-widget-container\">\n\t\t\t<h3 class=\"elementor-heading-title elementor-size-default\">Escoc\u00e9s\u200b<\/h3>\t\t<\/div>\n\t\t\t\t<\/div>\n\t\t\t\t<div class=\"elementor-element elementor-element-79ec065 elementor-widget elementor-widget-text-editor\" data-id=\"79ec065\" data-element_type=\"widget\" data-widget_type=\"text-editor.default\">\n\t\t\t\t<div class=\"elementor-widget-container\">\n\t\t\t\t\t\t\t<p style=\"text-align: left;\"><strong>Contiene:<\/strong><\/p><p style=\"text-align: left;\"><img decoding=\"async\" class=\"alignnone wp-image-1317\" src=\"https:\/\/laplattea.com\/wp-content\/uploads\/2023\/11\/lacteos.jpg\" alt=\"\" width=\"58\" height=\"58\" srcset=\"https:\/\/laplattea.com\/wp-content\/uploads\/2023\/11\/lacteos.jpg 128w, https:\/\/laplattea.com\/wp-content\/uploads\/2023\/11\/lacteos-12x12.jpg 12w\" sizes=\"(max-width: 58px) 100vw, 58px\" \/><\/p>\t\t\t\t\t\t<\/div>\n\t\t\t\t<\/div>\n\t\t\t\t\t<\/div>\n\t\t<\/div>\n\t\t\t\t\t<\/div>\n\t\t<\/section>\n\t\t\t\t<section class=\"elementor-section elementor-top-section elementor-element elementor-element-c7569e7 elementor-section-boxed elementor-section-height-default elementor-section-height-default\" data-id=\"c7569e7\" data-element_type=\"section\">\n\t\t\t\t\t\t<div class=\"elementor-container elementor-column-gap-extended\">\n\t\t\t\t\t<div class=\"elementor-column elementor-col-20 elementor-top-column elementor-element elementor-element-f503353\" data-id=\"f503353\" data-element_type=\"column\">\n\t\t\t<div class=\"elementor-widget-wrap elementor-element-populated\">\n\t\t\t\t\t\t<div class=\"elementor-element elementor-element-309e329 elementor-widget elementor-widget-heading\" data-id=\"309e329\" data-element_type=\"widget\" data-widget_type=\"heading.default\">\n\t\t\t\t<div class=\"elementor-widget-container\">\n\t\t\t<h3 class=\"elementor-heading-title elementor-size-default\">Capuccino Avena<\/h3>\t\t<\/div>\n\t\t\t\t<\/div>\n\t\t\t\t\t<\/div>\n\t\t<\/div>\n\t\t\t\t<div class=\"elementor-column elementor-col-20 elementor-top-column elementor-element elementor-element-cadc748\" data-id=\"cadc748\" data-element_type=\"column\">\n\t\t\t<div class=\"elementor-widget-wrap elementor-element-populated\">\n\t\t\t\t\t\t<div class=\"elementor-element elementor-element-d05a248 elementor-widget elementor-widget-heading\" data-id=\"d05a248\" data-element_type=\"widget\" data-widget_type=\"heading.default\">\n\t\t\t\t<div class=\"elementor-widget-container\">\n\t\t\t<h3 class=\"elementor-heading-title elementor-size-default\">Caf\u00e9 Bomb\u00f3n y nata<\/h3>\t\t<\/div>\n\t\t\t\t<\/div>\n\t\t\t\t<div class=\"elementor-element elementor-element-56598c9 elementor-widget elementor-widget-text-editor\" data-id=\"56598c9\" data-element_type=\"widget\" data-widget_type=\"text-editor.default\">\n\t\t\t\t<div class=\"elementor-widget-container\">\n\t\t\t\t\t\t\t<p style=\"text-align: left;\"><strong>Contiene:<\/strong><\/p><p style=\"text-align: left;\"><img decoding=\"async\" class=\"wp-image-1317\" src=\"https:\/\/laplattea.com\/wp-content\/uploads\/2023\/11\/lacteos.jpg\" alt=\"\" width=\"58\" height=\"58\" srcset=\"https:\/\/laplattea.com\/wp-content\/uploads\/2023\/11\/lacteos.jpg 128w, https:\/\/laplattea.com\/wp-content\/uploads\/2023\/11\/lacteos-12x12.jpg 12w\" sizes=\"(max-width: 58px) 100vw, 58px\" \/><\/p>\t\t\t\t\t\t<\/div>\n\t\t\t\t<\/div>\n\t\t\t\t\t<\/div>\n\t\t<\/div>\n\t\t\t\t<div class=\"elementor-column elementor-col-20 elementor-top-column elementor-element elementor-element-c15f784\" data-id=\"c15f784\" data-element_type=\"column\">\n\t\t\t<div class=\"elementor-widget-wrap elementor-element-populated\">\n\t\t\t\t\t\t<div class=\"elementor-element elementor-element-287de15 elementor-widget elementor-widget-heading\" data-id=\"287de15\" data-element_type=\"widget\" data-widget_type=\"heading.default\">\n\t\t\t\t<div class=\"elementor-widget-container\">\n\t\t\t<h3 class=\"elementor-heading-title elementor-size-default\">Capuccino\u200b Vainilla<\/h3>\t\t<\/div>\n\t\t\t\t<\/div>\n\t\t\t\t<div class=\"elementor-element elementor-element-0a03066 elementor-widget elementor-widget-text-editor\" data-id=\"0a03066\" data-element_type=\"widget\" data-widget_type=\"text-editor.default\">\n\t\t\t\t<div class=\"elementor-widget-container\">\n\t\t\t\t\t\t\t<p style=\"text-align: left;\"><strong>Contiene:<\/strong><\/p><p style=\"text-align: left;\"><img decoding=\"async\" class=\"alignnone wp-image-1317\" src=\"https:\/\/laplattea.com\/wp-content\/uploads\/2023\/11\/lacteos.jpg\" alt=\"\" width=\"58\" height=\"58\" srcset=\"https:\/\/laplattea.com\/wp-content\/uploads\/2023\/11\/lacteos.jpg 128w, https:\/\/laplattea.com\/wp-content\/uploads\/2023\/11\/lacteos-12x12.jpg 12w\" sizes=\"(max-width: 58px) 100vw, 58px\" \/><\/p>\t\t\t\t\t\t<\/div>\n\t\t\t\t<\/div>\n\t\t\t\t\t<\/div>\n\t\t<\/div>\n\t\t\t\t<div class=\"elementor-column elementor-col-20 elementor-top-column elementor-element elementor-element-839a8b8\" data-id=\"839a8b8\" data-element_type=\"column\">\n\t\t\t<div class=\"elementor-widget-wrap elementor-element-populated\">\n\t\t\t\t\t\t<div class=\"elementor-element elementor-element-566d274 elementor-widget elementor-widget-heading\" data-id=\"566d274\" data-element_type=\"widget\" data-widget_type=\"heading.default\">\n\t\t\t\t<div class=\"elementor-widget-container\">\n\t\t\t<h3 class=\"elementor-heading-title elementor-size-default\">Matcha Pistacho<\/h3>\t\t<\/div>\n\t\t\t\t<\/div>\n\t\t\t\t\t<\/div>\n\t\t<\/div>\n\t\t\t\t<div class=\"elementor-column elementor-col-20 elementor-top-column elementor-element elementor-element-1262db6\" data-id=\"1262db6\" data-element_type=\"column\">\n\t\t\t<div class=\"elementor-widget-wrap elementor-element-populated\">\n\t\t\t\t\t\t<div class=\"elementor-element elementor-element-a8027e9 elementor-widget elementor-widget-heading\" data-id=\"a8027e9\" data-element_type=\"widget\" data-widget_type=\"heading.default\">\n\t\t\t\t<div class=\"elementor-widget-container\">\n\t\t\t<h3 class=\"elementor-heading-title elementor-size-default\">Iced Tea Vainilla<\/h3>\t\t<\/div>\n\t\t\t\t<\/div>\n\t\t\t\t\t<\/div>\n\t\t<\/div>\n\t\t\t\t\t<\/div>\n\t\t<\/section>\n\t\t\t\t<\/div>","protected":false},"excerpt":{"rendered":"<p>Caf\u00e9s especiales Bomb\u00f3n b\u00e1sico Contiene: Caf\u00e9 carajillo quemado con brandy Carajillo especial quemado con brandy naranja y toques de canela y nata Irland\u00e9s\u200b Contiene: Escoc\u00e9s\u200b Contiene: Capuccino Avena Caf\u00e9 Bomb\u00f3n y nata Contiene: Capuccino\u200b Vainilla Contiene: Matcha Pistacho Iced Tea Vainilla<\/p>","protected":false},"author":1,"featured_media":0,"parent":0,"menu_order":0,"comment_status":"closed","ping_status":"closed","template":"page-templates\/template-pagebuilder-full-width.php","meta":{"neve_meta_sidebar":"","neve_meta_container":"","neve_meta_enable_content_width":"","neve_meta_content_width":0,"neve_meta_title_alignment":"","neve_meta_author_avatar":"","neve_post_elements_order":"","neve_meta_disable_header":"","neve_meta_disable_footer":"","neve_meta_disable_title":"on","neve_meta_reading_time":"","footnotes":""},"class_list":["post-990","page","type-page","status-publish","hentry"],"yoast_head":"<!-- This site is optimized with the Yoast SEO Premium plugin v20.9 (Yoast SEO v23.4) - https:\/\/yoast.com\/wordpress\/plugins\/seo\/ -->\n<title>Caf\u00e9s Especiales - La Plattea<\/title>\n<meta name=\"description\" content=\"Cafeter\u00eda vintage en Gij\u00f3n. D\u00e9jate cautivar por el encanto de nuestro ambiente retro mientras saboreas exquisitos caf\u00e9s y deliciosos postres.\" \/>\n<meta name=\"robots\" content=\"index, follow, max-snippet:-1, max-image-preview:large, max-video-preview:-1\" \/>\n<link rel=\"canonical\" href=\"https:\/\/laplattea.com\/en\/cafes-especiales\/\" \/>\n<meta property=\"og:locale\" content=\"en_US\" \/>\n<meta property=\"og:type\" content=\"article\" \/>\n<meta property=\"og:title\" content=\"Caf\u00e9s Especiales\" \/>\n<meta property=\"og:description\" content=\"Cafeter\u00eda vintage en Gij\u00f3n. D\u00e9jate cautivar por el encanto de nuestro ambiente retro mientras saboreas exquisitos caf\u00e9s y deliciosos postres.\" \/>\n<meta property=\"og:url\" content=\"https:\/\/laplattea.com\/en\/cafes-especiales\/\" \/>\n<meta property=\"og:site_name\" content=\"La Plattea\" \/>\n<meta property=\"article:modified_time\" content=\"2025-07-17T09:33:44+00:00\" \/>\n<meta property=\"og:image\" content=\"https:\/\/laplattea.com\/wp-content\/uploads\/2023\/11\/lacteos.jpg\" \/>\n<meta name=\"twitter:card\" content=\"summary_large_image\" \/>\n<meta name=\"twitter:label1\" content=\"Est. reading time\" \/>\n\t<meta name=\"twitter:data1\" content=\"2 minutes\" \/>\n<script type=\"application\/ld+json\" class=\"yoast-schema-graph\">{\"@context\":\"https:\/\/schema.org\",\"@graph\":[{\"@type\":\"WebPage\",\"@id\":\"https:\/\/laplattea.com\/cafes-especiales\/\",\"url\":\"https:\/\/laplattea.com\/cafes-especiales\/\",\"name\":\"Caf\u00e9s Especiales - La Plattea\",\"isPartOf\":{\"@id\":\"https:\/\/laplattea.com\/#website\"},\"primaryImageOfPage\":{\"@id\":\"https:\/\/laplattea.com\/cafes-especiales\/#primaryimage\"},\"image\":{\"@id\":\"https:\/\/laplattea.com\/cafes-especiales\/#primaryimage\"},\"thumbnailUrl\":\"https:\/\/laplattea.com\/wp-content\/uploads\/2023\/11\/lacteos.jpg\",\"datePublished\":\"2023-07-24T15:12:49+00:00\",\"dateModified\":\"2025-07-17T09:33:44+00:00\",\"description\":\"Cafeter\u00eda vintage en Gij\u00f3n. D\u00e9jate cautivar por el encanto de nuestro ambiente retro mientras saboreas exquisitos caf\u00e9s y deliciosos postres.\",\"breadcrumb\":{\"@id\":\"https:\/\/laplattea.com\/cafes-especiales\/#breadcrumb\"},\"inLanguage\":\"en-US\",\"potentialAction\":[{\"@type\":\"ReadAction\",\"target\":[\"https:\/\/laplattea.com\/cafes-especiales\/\"]}]},{\"@type\":\"ImageObject\",\"inLanguage\":\"en-US\",\"@id\":\"https:\/\/laplattea.com\/cafes-especiales\/#primaryimage\",\"url\":\"https:\/\/laplattea.com\/wp-content\/uploads\/2023\/11\/lacteos.jpg\",\"contentUrl\":\"https:\/\/laplattea.com\/wp-content\/uploads\/2023\/11\/lacteos.jpg\"},{\"@type\":\"BreadcrumbList\",\"@id\":\"https:\/\/laplattea.com\/cafes-especiales\/#breadcrumb\",\"itemListElement\":[{\"@type\":\"ListItem\",\"position\":1,\"name\":\"Portada\",\"item\":\"https:\/\/laplattea.com\/\"},{\"@type\":\"ListItem\",\"position\":2,\"name\":\"Caf\u00e9s Especiales\"}]},{\"@type\":\"WebSite\",\"@id\":\"https:\/\/laplattea.com\/#website\",\"url\":\"https:\/\/laplattea.com\/\",\"name\":\"La Plattea\",\"description\":\"Just another WordPress site\",\"potentialAction\":[{\"@type\":\"SearchAction\",\"target\":{\"@type\":\"EntryPoint\",\"urlTemplate\":\"https:\/\/laplattea.com\/?s={search_term_string}\"},\"query-input\":{\"@type\":\"PropertyValueSpecification\",\"valueRequired\":true,\"valueName\":\"search_term_string\"}}],\"inLanguage\":\"en-US\"}]}<\/script>\n<!-- \/ Yoast SEO Premium plugin. -->","yoast_head_json":{"title":"Caf\u00e9s Especiales - La Plattea","description":"Cafeter\u00eda vintage en Gij\u00f3n. D\u00e9jate cautivar por el encanto de nuestro ambiente retro mientras saboreas exquisitos caf\u00e9s y deliciosos postres.","robots":{"index":"index","follow":"follow","max-snippet":"max-snippet:-1","max-image-preview":"max-image-preview:large","max-video-preview":"max-video-preview:-1"},"canonical":"https:\/\/laplattea.com\/en\/cafes-especiales\/","og_locale":"en_US","og_type":"article","og_title":"Caf\u00e9s Especiales","og_description":"Cafeter\u00eda vintage en Gij\u00f3n. D\u00e9jate cautivar por el encanto de nuestro ambiente retro mientras saboreas exquisitos caf\u00e9s y deliciosos postres.","og_url":"https:\/\/laplattea.com\/en\/cafes-especiales\/","og_site_name":"La Plattea","article_modified_time":"2025-07-17T09:33:44+00:00","og_image":[{"url":"https:\/\/laplattea.com\/wp-content\/uploads\/2023\/11\/lacteos.jpg"}],"twitter_card":"summary_large_image","twitter_misc":{"Est. reading time":"2 minutes"},"schema":{"@context":"https:\/\/schema.org","@graph":[{"@type":"WebPage","@id":"https:\/\/laplattea.com\/cafes-especiales\/","url":"https:\/\/laplattea.com\/cafes-especiales\/","name":"Caf\u00e9s Especiales - La Plattea","isPartOf":{"@id":"https:\/\/laplattea.com\/#website"},"primaryImageOfPage":{"@id":"https:\/\/laplattea.com\/cafes-especiales\/#primaryimage"},"image":{"@id":"https:\/\/laplattea.com\/cafes-especiales\/#primaryimage"},"thumbnailUrl":"https:\/\/laplattea.com\/wp-content\/uploads\/2023\/11\/lacteos.jpg","datePublished":"2023-07-24T15:12:49+00:00","dateModified":"2025-07-17T09:33:44+00:00","description":"Cafeter\u00eda vintage en Gij\u00f3n. D\u00e9jate cautivar por el encanto de nuestro ambiente retro mientras saboreas exquisitos caf\u00e9s y deliciosos postres.","breadcrumb":{"@id":"https:\/\/laplattea.com\/cafes-especiales\/#breadcrumb"},"inLanguage":"en-US","potentialAction":[{"@type":"ReadAction","target":["https:\/\/laplattea.com\/cafes-especiales\/"]}]},{"@type":"ImageObject","inLanguage":"en-US","@id":"https:\/\/laplattea.com\/cafes-especiales\/#primaryimage","url":"https:\/\/laplattea.com\/wp-content\/uploads\/2023\/11\/lacteos.jpg","contentUrl":"https:\/\/laplattea.com\/wp-content\/uploads\/2023\/11\/lacteos.jpg"},{"@type":"BreadcrumbList","@id":"https:\/\/laplattea.com\/cafes-especiales\/#breadcrumb","itemListElement":[{"@type":"ListItem","position":1,"name":"Portada","item":"https:\/\/laplattea.com\/"},{"@type":"ListItem","position":2,"name":"Caf\u00e9s Especiales"}]},{"@type":"WebSite","@id":"https:\/\/laplattea.com\/#website","url":"https:\/\/laplattea.com\/","name":"La Plattea","description":"Just another WordPress site","potentialAction":[{"@type":"SearchAction","target":{"@type":"EntryPoint","urlTemplate":"https:\/\/laplattea.com\/?s={search_term_string}"},"query-input":{"@type":"PropertyValueSpecification","valueRequired":true,"valueName":"search_term_string"}}],"inLanguage":"en-US"}]}},"_links":{"self":[{"href":"https:\/\/laplattea.com\/en\/wp-json\/wp\/v2\/pages\/990","targetHints":{"allow":["GET"]}}],"collection":[{"href":"https:\/\/laplattea.com\/en\/wp-json\/wp\/v2\/pages"}],"about":[{"href":"https:\/\/laplattea.com\/en\/wp-json\/wp\/v2\/types\/page"}],"author":[{"embeddable":true,"href":"https:\/\/laplattea.com\/en\/wp-json\/wp\/v2\/users\/1"}],"replies":[{"embeddable":true,"href":"https:\/\/laplattea.com\/en\/wp-json\/wp\/v2\/comments?post=990"}],"version-history":[{"count":13,"href":"https:\/\/laplattea.com\/en\/wp-json\/wp\/v2\/pages\/990\/revisions"}],"predecessor-version":[{"id":1633,"href":"https:\/\/laplattea.com\/en\/wp-json\/wp\/v2\/pages\/990\/revisions\/1633"}],"wp:attachment":[{"href":"https:\/\/laplattea.com\/en\/wp-json\/wp\/v2\/media?parent=990"}],"curies":[{"name":"wp","href":"https:\/\/api.w.org\/{rel}","templated":true}]}}