{"id":966,"date":"2023-07-24T16:55:49","date_gmt":"2023-07-24T14:55:49","guid":{"rendered":"https:\/\/laplattea.com\/?page_id=966"},"modified":"2025-07-17T12:31:57","modified_gmt":"2025-07-17T10:31:57","slug":"chocolates","status":"publish","type":"page","link":"https:\/\/laplattea.com\/en\/chocolates\/","title":{"rendered":"Chocolates"},"content":{"rendered":"<div data-elementor-type=\"wp-page\" data-elementor-id=\"966\" class=\"elementor elementor-966\" data-elementor-post-type=\"page\">\n\t\t\t\t\t\t<section class=\"elementor-section elementor-top-section elementor-element elementor-element-3c9dd45 elementor-section-boxed elementor-section-height-default elementor-section-height-default\" data-id=\"3c9dd45\" data-element_type=\"section\" data-settings=\"{&quot;background_background&quot;:&quot;classic&quot;}\">\n\t\t\t\t\t\t\t<div class=\"elementor-background-overlay\"><\/div>\n\t\t\t\t\t\t\t<div class=\"elementor-container elementor-column-gap-default\">\n\t\t\t\t\t<div class=\"elementor-column elementor-col-100 elementor-top-column elementor-element elementor-element-67317c5\" data-id=\"67317c5\" data-element_type=\"column\">\n\t\t\t<div class=\"elementor-widget-wrap elementor-element-populated\">\n\t\t\t\t\t\t<div class=\"elementor-element elementor-element-441d083 elementor-widget elementor-widget-heading\" data-id=\"441d083\" data-element_type=\"widget\" data-widget_type=\"heading.default\">\n\t\t\t\t<div class=\"elementor-widget-container\">\n\t\t\t<h2 class=\"elementor-heading-title elementor-size-default\">Chocolates<\/h2>\t\t<\/div>\n\t\t\t\t<\/div>\n\t\t\t\t\t<\/div>\n\t\t<\/div>\n\t\t\t\t\t<\/div>\n\t\t<\/section>\n\t\t\t\t<section class=\"elementor-section elementor-top-section elementor-element elementor-element-d5c245f elementor-section-full_width elementor-section-height-default elementor-section-height-default\" data-id=\"d5c245f\" data-element_type=\"section\">\n\t\t\t\t\t\t<div class=\"elementor-container elementor-column-gap-extended\">\n\t\t\t\t\t<div class=\"elementor-column elementor-col-25 elementor-top-column elementor-element elementor-element-f8f9898\" data-id=\"f8f9898\" data-element_type=\"column\">\n\t\t\t<div class=\"elementor-widget-wrap elementor-element-populated\">\n\t\t\t\t\t\t<div class=\"elementor-element elementor-element-4586d0d elementor-widget elementor-widget-heading\" data-id=\"4586d0d\" data-element_type=\"widget\" data-widget_type=\"heading.default\">\n\t\t\t\t<div class=\"elementor-widget-container\">\n\t\t\t<h3 class=\"elementor-heading-title elementor-size-default\">Chocolate especial Plattea\u200b<\/h3>\t\t<\/div>\n\t\t\t\t<\/div>\n\t\t\t\t<div class=\"elementor-element elementor-element-d72dfb2 elementor-widget elementor-widget-image\" data-id=\"d72dfb2\" data-element_type=\"widget\" data-widget_type=\"image.default\">\n\t\t\t\t<div class=\"elementor-widget-container\">\n\t\t\t\t\t\t\t\t\t\t\t\t\t<img fetchpriority=\"high\" decoding=\"async\" width=\"281\" height=\"500\" src=\"https:\/\/laplattea.com\/wp-content\/uploads\/2023\/07\/Chocolate-Especial-Plattea.jpg\" class=\"attachment-large size-large wp-image-267\" alt=\"Chocolate Especial Plattea\" srcset=\"https:\/\/laplattea.com\/wp-content\/uploads\/2023\/07\/Chocolate-Especial-Plattea.jpg 281w, https:\/\/laplattea.com\/wp-content\/uploads\/2023\/07\/Chocolate-Especial-Plattea-169x300.jpg 169w, https:\/\/laplattea.com\/wp-content\/uploads\/2023\/07\/Chocolate-Especial-Plattea-7x12.jpg 7w\" sizes=\"(max-width: 281px) 100vw, 281px\" \/>\t\t\t\t\t\t\t\t\t\t\t\t\t<\/div>\n\t\t\t\t<\/div>\n\t\t\t\t<div class=\"elementor-element elementor-element-741a89e elementor-widget elementor-widget-text-editor\" data-id=\"741a89e\" data-element_type=\"widget\" data-widget_type=\"text-editor.default\">\n\t\t\t\t<div class=\"elementor-widget-container\">\n\t\t\t\t\t\t\t<p>Fondo de leche condensada seguido de chocolate Dark espeso y coronado con nata montada topping caco en polvo y barquillo de vainilla<\/p><p><strong>Contiene:<\/strong><\/p><p><img decoding=\"async\" class=\"alignnone wp-image-1315\" src=\"https:\/\/laplattea.com\/wp-content\/uploads\/2023\/11\/gluten.jpg\" alt=\"\" width=\"58\" height=\"58\" srcset=\"https:\/\/laplattea.com\/wp-content\/uploads\/2023\/11\/gluten.jpg 128w, https:\/\/laplattea.com\/wp-content\/uploads\/2023\/11\/gluten-12x12.jpg 12w\" sizes=\"(max-width: 58px) 100vw, 58px\" \/> <img decoding=\"async\" class=\"alignnone wp-image-1317\" src=\"https:\/\/laplattea.com\/wp-content\/uploads\/2023\/11\/lacteos.jpg\" alt=\"\" width=\"58\" height=\"58\" srcset=\"https:\/\/laplattea.com\/wp-content\/uploads\/2023\/11\/lacteos.jpg 128w, https:\/\/laplattea.com\/wp-content\/uploads\/2023\/11\/lacteos-12x12.jpg 12w\" sizes=\"(max-width: 58px) 100vw, 58px\" \/><\/p><p><strong>Puede contener:<\/strong><\/p><p><img loading=\"lazy\" decoding=\"async\" class=\"alignnone wp-image-1314\" src=\"https:\/\/laplattea.com\/wp-content\/uploads\/2023\/11\/frutos-secos.jpg\" alt=\"\" width=\"58\" height=\"58\" srcset=\"https:\/\/laplattea.com\/wp-content\/uploads\/2023\/11\/frutos-secos.jpg 128w, https:\/\/laplattea.com\/wp-content\/uploads\/2023\/11\/frutos-secos-12x12.jpg 12w\" sizes=\"(max-width: 58px) 100vw, 58px\" \/><\/p>\t\t\t\t\t\t<\/div>\n\t\t\t\t<\/div>\n\t\t\t\t<div class=\"elementor-element elementor-element-098ca73 elementor-widget elementor-widget-heading\" data-id=\"098ca73\" data-element_type=\"widget\" data-widget_type=\"heading.default\">\n\t\t\t\t<div class=\"elementor-widget-container\">\n\t\t\t<h3 class=\"elementor-heading-title elementor-size-default\">4'25 \u20ac<\/h3>\t\t<\/div>\n\t\t\t\t<\/div>\n\t\t\t\t\t<\/div>\n\t\t<\/div>\n\t\t\t\t<div class=\"elementor-column elementor-col-25 elementor-top-column elementor-element elementor-element-d809e3d\" data-id=\"d809e3d\" data-element_type=\"column\">\n\t\t\t<div class=\"elementor-widget-wrap elementor-element-populated\">\n\t\t\t\t\t\t<div class=\"elementor-element elementor-element-c4dac8d elementor-widget elementor-widget-heading\" data-id=\"c4dac8d\" data-element_type=\"widget\" data-widget_type=\"heading.default\">\n\t\t\t\t<div class=\"elementor-widget-container\">\n\t\t\t<h3 class=\"elementor-heading-title elementor-size-default\">Chocolate de sabores\u200b<\/h3>\t\t<\/div>\n\t\t\t\t<\/div>\n\t\t\t\t<div class=\"elementor-element elementor-element-c188db8 elementor-widget elementor-widget-text-editor\" data-id=\"c188db8\" data-element_type=\"widget\" data-widget_type=\"text-editor.default\">\n\t\t\t\t<div class=\"elementor-widget-container\">\n\t\t\t\t\t\t\t<p style=\"text-align: left;\"><strong>Contiene:<\/strong><\/p><p style=\"text-align: left;\"><img decoding=\"async\" class=\"alignnone wp-image-1315\" src=\"https:\/\/laplattea.com\/wp-content\/uploads\/2023\/11\/gluten.jpg\" alt=\"\" width=\"58\" height=\"58\" srcset=\"https:\/\/laplattea.com\/wp-content\/uploads\/2023\/11\/gluten.jpg 128w, https:\/\/laplattea.com\/wp-content\/uploads\/2023\/11\/gluten-12x12.jpg 12w\" sizes=\"(max-width: 58px) 100vw, 58px\" \/><img decoding=\"async\" class=\"alignnone wp-image-1317\" src=\"https:\/\/laplattea.com\/wp-content\/uploads\/2023\/11\/lacteos.jpg\" alt=\"\" width=\"58\" height=\"58\" srcset=\"https:\/\/laplattea.com\/wp-content\/uploads\/2023\/11\/lacteos.jpg 128w, https:\/\/laplattea.com\/wp-content\/uploads\/2023\/11\/lacteos-12x12.jpg 12w\" sizes=\"(max-width: 58px) 100vw, 58px\" \/><\/p><p><strong>Puede contener:<\/strong><\/p><p><img loading=\"lazy\" decoding=\"async\" class=\"alignnone wp-image-1312\" src=\"https:\/\/laplattea.com\/wp-content\/uploads\/2023\/11\/cacahuetes.jpg\" alt=\"\" width=\"58\" height=\"58\" srcset=\"https:\/\/laplattea.com\/wp-content\/uploads\/2023\/11\/cacahuetes.jpg 128w, https:\/\/laplattea.com\/wp-content\/uploads\/2023\/11\/cacahuetes-12x12.jpg 12w\" sizes=\"(max-width: 58px) 100vw, 58px\" \/> \u00a0<\/p>\t\t\t\t\t\t<\/div>\n\t\t\t\t<\/div>\n\t\t\t\t<div class=\"elementor-element elementor-element-d0118c0 elementor-widget elementor-widget-heading\" data-id=\"d0118c0\" data-element_type=\"widget\" data-widget_type=\"heading.default\">\n\t\t\t\t<div class=\"elementor-widget-container\">\n\t\t\t<h3 class=\"elementor-heading-title elementor-size-default\">2'95 \u20ac<\/h3>\t\t<\/div>\n\t\t\t\t<\/div>\n\t\t\t\t\t<\/div>\n\t\t<\/div>\n\t\t\t\t<div class=\"elementor-column elementor-col-25 elementor-top-column elementor-element elementor-element-6dc6d94\" data-id=\"6dc6d94\" data-element_type=\"column\">\n\t\t\t<div class=\"elementor-widget-wrap elementor-element-populated\">\n\t\t\t\t\t\t<div class=\"elementor-element elementor-element-163deee elementor-widget elementor-widget-heading\" data-id=\"163deee\" data-element_type=\"widget\" data-widget_type=\"heading.default\">\n\t\t\t\t<div class=\"elementor-widget-container\">\n\t\t\t<h3 class=\"elementor-heading-title elementor-size-default\">Chocolates ecol\u00f3gicos\u200b<\/h3>\t\t<\/div>\n\t\t\t\t<\/div>\n\t\t\t\t<div class=\"elementor-element elementor-element-816260f elementor-widget elementor-widget-text-editor\" data-id=\"816260f\" data-element_type=\"widget\" data-widget_type=\"text-editor.default\">\n\t\t\t\t<div class=\"elementor-widget-container\">\n\t\t\t\t\t\t\t<p style=\"text-align: left;\"><strong>Contiene:<\/strong><\/p><p style=\"text-align: left;\"><img decoding=\"async\" class=\"alignnone wp-image-1315\" src=\"https:\/\/laplattea.com\/wp-content\/uploads\/2023\/11\/gluten.jpg\" alt=\"\" width=\"58\" height=\"58\" srcset=\"https:\/\/laplattea.com\/wp-content\/uploads\/2023\/11\/gluten.jpg 128w, https:\/\/laplattea.com\/wp-content\/uploads\/2023\/11\/gluten-12x12.jpg 12w\" sizes=\"(max-width: 58px) 100vw, 58px\" \/><img decoding=\"async\" class=\"alignnone wp-image-1317\" src=\"https:\/\/laplattea.com\/wp-content\/uploads\/2023\/11\/lacteos.jpg\" alt=\"\" width=\"58\" height=\"58\" srcset=\"https:\/\/laplattea.com\/wp-content\/uploads\/2023\/11\/lacteos.jpg 128w, https:\/\/laplattea.com\/wp-content\/uploads\/2023\/11\/lacteos-12x12.jpg 12w\" sizes=\"(max-width: 58px) 100vw, 58px\" \/><\/p><p><strong>Puede contener:<\/strong><\/p><p><img loading=\"lazy\" decoding=\"async\" class=\"alignnone wp-image-1312\" src=\"https:\/\/laplattea.com\/wp-content\/uploads\/2023\/11\/cacahuetes.jpg\" alt=\"\" width=\"58\" height=\"58\" srcset=\"https:\/\/laplattea.com\/wp-content\/uploads\/2023\/11\/cacahuetes.jpg 128w, https:\/\/laplattea.com\/wp-content\/uploads\/2023\/11\/cacahuetes-12x12.jpg 12w\" sizes=\"(max-width: 58px) 100vw, 58px\" \/> \u00a0<\/p>\t\t\t\t\t\t<\/div>\n\t\t\t\t<\/div>\n\t\t\t\t<div class=\"elementor-element elementor-element-ff3ab7d elementor-widget elementor-widget-heading\" data-id=\"ff3ab7d\" data-element_type=\"widget\" data-widget_type=\"heading.default\">\n\t\t\t\t<div class=\"elementor-widget-container\">\n\t\t\t<h3 class=\"elementor-heading-title elementor-size-default\">3,80 \u20ac<\/h3>\t\t<\/div>\n\t\t\t\t<\/div>\n\t\t\t\t\t<\/div>\n\t\t<\/div>\n\t\t\t\t<div class=\"elementor-column elementor-col-25 elementor-top-column elementor-element elementor-element-4662800\" data-id=\"4662800\" data-element_type=\"column\">\n\t\t\t<div class=\"elementor-widget-wrap elementor-element-populated\">\n\t\t\t\t\t\t<div class=\"elementor-element elementor-element-8ab4113 elementor-widget elementor-widget-heading\" data-id=\"8ab4113\" data-element_type=\"widget\" data-widget_type=\"heading.default\">\n\t\t\t\t<div class=\"elementor-widget-container\">\n\t\t\t<h3 class=\"elementor-heading-title elementor-size-default\">Chocolate con nata y toppings\u200b<\/h3>\t\t<\/div>\n\t\t\t\t<\/div>\n\t\t\t\t<div class=\"elementor-element elementor-element-e1650fb elementor-widget elementor-widget-text-editor\" data-id=\"e1650fb\" data-element_type=\"widget\" data-widget_type=\"text-editor.default\">\n\t\t\t\t<div class=\"elementor-widget-container\">\n\t\t\t\t\t\t\t<p style=\"text-align: left;\"><strong>Contiene:<\/strong><\/p><p style=\"text-align: left;\"><img decoding=\"async\" class=\"alignnone wp-image-1315\" src=\"https:\/\/laplattea.com\/wp-content\/uploads\/2023\/11\/gluten.jpg\" alt=\"\" width=\"58\" height=\"58\" srcset=\"https:\/\/laplattea.com\/wp-content\/uploads\/2023\/11\/gluten.jpg 128w, https:\/\/laplattea.com\/wp-content\/uploads\/2023\/11\/gluten-12x12.jpg 12w\" sizes=\"(max-width: 58px) 100vw, 58px\" \/><img decoding=\"async\" class=\"alignnone wp-image-1317\" src=\"https:\/\/laplattea.com\/wp-content\/uploads\/2023\/11\/lacteos.jpg\" alt=\"\" width=\"58\" height=\"58\" srcset=\"https:\/\/laplattea.com\/wp-content\/uploads\/2023\/11\/lacteos.jpg 128w, https:\/\/laplattea.com\/wp-content\/uploads\/2023\/11\/lacteos-12x12.jpg 12w\" sizes=\"(max-width: 58px) 100vw, 58px\" \/><\/p><p><strong>Puede contener:<\/strong><\/p><p><img loading=\"lazy\" decoding=\"async\" class=\"alignnone wp-image-1312\" src=\"https:\/\/laplattea.com\/wp-content\/uploads\/2023\/11\/cacahuetes.jpg\" alt=\"\" width=\"58\" height=\"58\" srcset=\"https:\/\/laplattea.com\/wp-content\/uploads\/2023\/11\/cacahuetes.jpg 128w, https:\/\/laplattea.com\/wp-content\/uploads\/2023\/11\/cacahuetes-12x12.jpg 12w\" sizes=\"(max-width: 58px) 100vw, 58px\" \/> \u00a0<\/p>\t\t\t\t\t\t<\/div>\n\t\t\t\t<\/div>\n\t\t\t\t<div class=\"elementor-element elementor-element-d48fde2 elementor-widget elementor-widget-heading\" data-id=\"d48fde2\" data-element_type=\"widget\" data-widget_type=\"heading.default\">\n\t\t\t\t<div class=\"elementor-widget-container\">\n\t\t\t<h3 class=\"elementor-heading-title elementor-size-default\">3,95 \u20ac<\/h3>\t\t<\/div>\n\t\t\t\t<\/div>\n\t\t\t\t\t<\/div>\n\t\t<\/div>\n\t\t\t\t\t<\/div>\n\t\t<\/section>\n\t\t\t\t<\/div>","protected":false},"excerpt":{"rendered":"<p>Chocolates Chocolate especial Plattea\u200b Fondo de leche condensada seguido de chocolate Dark espeso y coronado con nata montada topping caco en polvo y barquillo de vainilla Contiene: Puede contener: 4&#8217;25 \u20ac Chocolate de sabores\u200b Contiene: Puede contener: \u00a0 2&#8217;95 \u20ac Chocolates ecol\u00f3gicos\u200b Contiene: Puede contener: \u00a0 3,80 \u20ac Chocolate con nata y toppings\u200b Contiene: Puede&hellip;&nbsp;<a href=\"https:\/\/laplattea.com\/en\/chocolates\/\" class=\"\" rel=\"bookmark\">Read More &raquo;<span class=\"screen-reader-text\">Chocolates<\/span><\/a><\/p>","protected":false},"author":1,"featured_media":0,"parent":0,"menu_order":0,"comment_status":"closed","ping_status":"closed","template":"page-templates\/template-pagebuilder-full-width.php","meta":{"neve_meta_sidebar":"","neve_meta_container":"","neve_meta_enable_content_width":"","neve_meta_content_width":0,"neve_meta_title_alignment":"","neve_meta_author_avatar":"","neve_post_elements_order":"","neve_meta_disable_header":"","neve_meta_disable_footer":"","neve_meta_disable_title":"on","neve_meta_reading_time":"","footnotes":""},"class_list":["post-966","page","type-page","status-publish","hentry"],"yoast_head":"<!-- This site is optimized with the Yoast SEO Premium plugin v20.9 (Yoast SEO v23.4) - https:\/\/yoast.com\/wordpress\/plugins\/seo\/ -->\n<title>Chocolates - La Plattea<\/title>\n<meta name=\"description\" content=\"Cafeter\u00eda vintage en Gij\u00f3n. D\u00e9jate cautivar por el encanto de nuestro ambiente retro mientras saboreas exquisitos caf\u00e9s y deliciosos postres.\" \/>\n<meta name=\"robots\" content=\"index, follow, max-snippet:-1, max-image-preview:large, max-video-preview:-1\" \/>\n<link rel=\"canonical\" href=\"https:\/\/laplattea.com\/en\/chocolates\/\" \/>\n<meta property=\"og:locale\" content=\"en_US\" \/>\n<meta property=\"og:type\" content=\"article\" \/>\n<meta property=\"og:title\" content=\"Chocolates\" \/>\n<meta property=\"og:description\" content=\"Cafeter\u00eda vintage en Gij\u00f3n. D\u00e9jate cautivar por el encanto de nuestro ambiente retro mientras saboreas exquisitos caf\u00e9s y deliciosos postres.\" \/>\n<meta property=\"og:url\" content=\"https:\/\/laplattea.com\/en\/chocolates\/\" \/>\n<meta property=\"og:site_name\" content=\"La Plattea\" \/>\n<meta property=\"article:modified_time\" content=\"2025-07-17T10:31:57+00:00\" \/>\n<meta property=\"og:image\" content=\"https:\/\/laplattea.com\/wp-content\/uploads\/2023\/07\/Chocolate-Especial-Plattea.jpg\" \/>\n<meta name=\"twitter:card\" content=\"summary_large_image\" \/>\n<meta name=\"twitter:label1\" content=\"Est. reading time\" \/>\n\t<meta name=\"twitter:data1\" content=\"3 minutes\" \/>\n<script type=\"application\/ld+json\" class=\"yoast-schema-graph\">{\"@context\":\"https:\/\/schema.org\",\"@graph\":[{\"@type\":\"WebPage\",\"@id\":\"https:\/\/laplattea.com\/chocolates\/\",\"url\":\"https:\/\/laplattea.com\/chocolates\/\",\"name\":\"Chocolates - La Plattea\",\"isPartOf\":{\"@id\":\"https:\/\/laplattea.com\/#website\"},\"primaryImageOfPage\":{\"@id\":\"https:\/\/laplattea.com\/chocolates\/#primaryimage\"},\"image\":{\"@id\":\"https:\/\/laplattea.com\/chocolates\/#primaryimage\"},\"thumbnailUrl\":\"https:\/\/laplattea.com\/wp-content\/uploads\/2023\/07\/Chocolate-Especial-Plattea.jpg\",\"datePublished\":\"2023-07-24T14:55:49+00:00\",\"dateModified\":\"2025-07-17T10:31:57+00:00\",\"description\":\"Cafeter\u00eda vintage en Gij\u00f3n. D\u00e9jate cautivar por el encanto de nuestro ambiente retro mientras saboreas exquisitos caf\u00e9s y deliciosos postres.\",\"breadcrumb\":{\"@id\":\"https:\/\/laplattea.com\/chocolates\/#breadcrumb\"},\"inLanguage\":\"en-US\",\"potentialAction\":[{\"@type\":\"ReadAction\",\"target\":[\"https:\/\/laplattea.com\/chocolates\/\"]}]},{\"@type\":\"ImageObject\",\"inLanguage\":\"en-US\",\"@id\":\"https:\/\/laplattea.com\/chocolates\/#primaryimage\",\"url\":\"https:\/\/laplattea.com\/wp-content\/uploads\/2023\/07\/Chocolate-Especial-Plattea.jpg\",\"contentUrl\":\"https:\/\/laplattea.com\/wp-content\/uploads\/2023\/07\/Chocolate-Especial-Plattea.jpg\"},{\"@type\":\"BreadcrumbList\",\"@id\":\"https:\/\/laplattea.com\/chocolates\/#breadcrumb\",\"itemListElement\":[{\"@type\":\"ListItem\",\"position\":1,\"name\":\"Portada\",\"item\":\"https:\/\/laplattea.com\/\"},{\"@type\":\"ListItem\",\"position\":2,\"name\":\"Chocolates\"}]},{\"@type\":\"WebSite\",\"@id\":\"https:\/\/laplattea.com\/#website\",\"url\":\"https:\/\/laplattea.com\/\",\"name\":\"La Plattea\",\"description\":\"Just another WordPress site\",\"potentialAction\":[{\"@type\":\"SearchAction\",\"target\":{\"@type\":\"EntryPoint\",\"urlTemplate\":\"https:\/\/laplattea.com\/?s={search_term_string}\"},\"query-input\":{\"@type\":\"PropertyValueSpecification\",\"valueRequired\":true,\"valueName\":\"search_term_string\"}}],\"inLanguage\":\"en-US\"}]}<\/script>\n<!-- \/ Yoast SEO Premium plugin. -->","yoast_head_json":{"title":"Chocolates - La Plattea","description":"Cafeter\u00eda vintage en Gij\u00f3n. D\u00e9jate cautivar por el encanto de nuestro ambiente retro mientras saboreas exquisitos caf\u00e9s y deliciosos postres.","robots":{"index":"index","follow":"follow","max-snippet":"max-snippet:-1","max-image-preview":"max-image-preview:large","max-video-preview":"max-video-preview:-1"},"canonical":"https:\/\/laplattea.com\/en\/chocolates\/","og_locale":"en_US","og_type":"article","og_title":"Chocolates","og_description":"Cafeter\u00eda vintage en Gij\u00f3n. D\u00e9jate cautivar por el encanto de nuestro ambiente retro mientras saboreas exquisitos caf\u00e9s y deliciosos postres.","og_url":"https:\/\/laplattea.com\/en\/chocolates\/","og_site_name":"La Plattea","article_modified_time":"2025-07-17T10:31:57+00:00","og_image":[{"url":"https:\/\/laplattea.com\/wp-content\/uploads\/2023\/07\/Chocolate-Especial-Plattea.jpg"}],"twitter_card":"summary_large_image","twitter_misc":{"Est. reading time":"3 minutes"},"schema":{"@context":"https:\/\/schema.org","@graph":[{"@type":"WebPage","@id":"https:\/\/laplattea.com\/chocolates\/","url":"https:\/\/laplattea.com\/chocolates\/","name":"Chocolates - La Plattea","isPartOf":{"@id":"https:\/\/laplattea.com\/#website"},"primaryImageOfPage":{"@id":"https:\/\/laplattea.com\/chocolates\/#primaryimage"},"image":{"@id":"https:\/\/laplattea.com\/chocolates\/#primaryimage"},"thumbnailUrl":"https:\/\/laplattea.com\/wp-content\/uploads\/2023\/07\/Chocolate-Especial-Plattea.jpg","datePublished":"2023-07-24T14:55:49+00:00","dateModified":"2025-07-17T10:31:57+00:00","description":"Cafeter\u00eda vintage en Gij\u00f3n. D\u00e9jate cautivar por el encanto de nuestro ambiente retro mientras saboreas exquisitos caf\u00e9s y deliciosos postres.","breadcrumb":{"@id":"https:\/\/laplattea.com\/chocolates\/#breadcrumb"},"inLanguage":"en-US","potentialAction":[{"@type":"ReadAction","target":["https:\/\/laplattea.com\/chocolates\/"]}]},{"@type":"ImageObject","inLanguage":"en-US","@id":"https:\/\/laplattea.com\/chocolates\/#primaryimage","url":"https:\/\/laplattea.com\/wp-content\/uploads\/2023\/07\/Chocolate-Especial-Plattea.jpg","contentUrl":"https:\/\/laplattea.com\/wp-content\/uploads\/2023\/07\/Chocolate-Especial-Plattea.jpg"},{"@type":"BreadcrumbList","@id":"https:\/\/laplattea.com\/chocolates\/#breadcrumb","itemListElement":[{"@type":"ListItem","position":1,"name":"Portada","item":"https:\/\/laplattea.com\/"},{"@type":"ListItem","position":2,"name":"Chocolates"}]},{"@type":"WebSite","@id":"https:\/\/laplattea.com\/#website","url":"https:\/\/laplattea.com\/","name":"La Plattea","description":"Just another WordPress site","potentialAction":[{"@type":"SearchAction","target":{"@type":"EntryPoint","urlTemplate":"https:\/\/laplattea.com\/?s={search_term_string}"},"query-input":{"@type":"PropertyValueSpecification","valueRequired":true,"valueName":"search_term_string"}}],"inLanguage":"en-US"}]}},"_links":{"self":[{"href":"https:\/\/laplattea.com\/en\/wp-json\/wp\/v2\/pages\/966","targetHints":{"allow":["GET"]}}],"collection":[{"href":"https:\/\/laplattea.com\/en\/wp-json\/wp\/v2\/pages"}],"about":[{"href":"https:\/\/laplattea.com\/en\/wp-json\/wp\/v2\/types\/page"}],"author":[{"embeddable":true,"href":"https:\/\/laplattea.com\/en\/wp-json\/wp\/v2\/users\/1"}],"replies":[{"embeddable":true,"href":"https:\/\/laplattea.com\/en\/wp-json\/wp\/v2\/comments?post=966"}],"version-history":[{"count":22,"href":"https:\/\/laplattea.com\/en\/wp-json\/wp\/v2\/pages\/966\/revisions"}],"predecessor-version":[{"id":1645,"href":"https:\/\/laplattea.com\/en\/wp-json\/wp\/v2\/pages\/966\/revisions\/1645"}],"wp:attachment":[{"href":"https:\/\/laplattea.com\/en\/wp-json\/wp\/v2\/media?parent=966"}],"curies":[{"name":"wp","href":"https:\/\/api.w.org\/{rel}","templated":true}]}}