{"id":914,"date":"2023-07-24T13:05:23","date_gmt":"2023-07-24T11:05:23","guid":{"rendered":"https:\/\/laplattea.com\/?page_id=914"},"modified":"2024-09-19T13:51:49","modified_gmt":"2024-09-19T11:51:49","slug":"postres","status":"publish","type":"page","link":"https:\/\/laplattea.com\/en\/postres\/","title":{"rendered":"Postres"},"content":{"rendered":"<div data-elementor-type=\"wp-page\" data-elementor-id=\"914\" class=\"elementor elementor-914\" data-elementor-post-type=\"page\">\n\t\t\t\t\t\t<section class=\"elementor-section elementor-top-section elementor-element elementor-element-8b84914 elementor-section-boxed elementor-section-height-default elementor-section-height-default\" data-id=\"8b84914\" data-element_type=\"section\" data-settings=\"{&quot;background_background&quot;:&quot;classic&quot;}\">\n\t\t\t\t\t\t\t<div class=\"elementor-background-overlay\"><\/div>\n\t\t\t\t\t\t\t<div class=\"elementor-container elementor-column-gap-default\">\n\t\t\t\t\t<div class=\"elementor-column elementor-col-100 elementor-top-column elementor-element elementor-element-ce5f746\" data-id=\"ce5f746\" data-element_type=\"column\">\n\t\t\t<div class=\"elementor-widget-wrap elementor-element-populated\">\n\t\t\t\t\t\t<div class=\"elementor-element elementor-element-c7c9090 elementor-widget elementor-widget-heading\" data-id=\"c7c9090\" data-element_type=\"widget\" data-widget_type=\"heading.default\">\n\t\t\t\t<div class=\"elementor-widget-container\">\n\t\t\t<h2 class=\"elementor-heading-title elementor-size-default\">postres<\/h2>\t\t<\/div>\n\t\t\t\t<\/div>\n\t\t\t\t\t<\/div>\n\t\t<\/div>\n\t\t\t\t\t<\/div>\n\t\t<\/section>\n\t\t\t\t<section class=\"elementor-section elementor-top-section elementor-element elementor-element-7f77d40 elementor-section-boxed elementor-section-height-default elementor-section-height-default\" data-id=\"7f77d40\" data-element_type=\"section\">\n\t\t\t\t\t\t<div class=\"elementor-container elementor-column-gap-extended\">\n\t\t\t\t\t<div class=\"elementor-column elementor-col-33 elementor-top-column elementor-element elementor-element-34134b5\" data-id=\"34134b5\" data-element_type=\"column\">\n\t\t\t<div class=\"elementor-widget-wrap elementor-element-populated\">\n\t\t\t\t\t\t<div class=\"elementor-element elementor-element-b3f5abf elementor-widget elementor-widget-heading\" data-id=\"b3f5abf\" data-element_type=\"widget\" data-widget_type=\"heading.default\">\n\t\t\t\t<div class=\"elementor-widget-container\">\n\t\t\t<h3 class=\"elementor-heading-title elementor-size-default\">Tarta de queso casera Premium<\/h3>\t\t<\/div>\n\t\t\t\t<\/div>\n\t\t\t\t<div class=\"elementor-element elementor-element-1392322 elementor-widget__width-initial elementor-widget elementor-widget-text-editor\" data-id=\"1392322\" data-element_type=\"widget\" data-widget_type=\"text-editor.default\">\n\t\t\t\t<div class=\"elementor-widget-container\">\n\t\t\t\t\t\t\t<p style=\"text-align: left;\"><strong>Contiene:<\/strong><\/p><p style=\"text-align: left;\"><img decoding=\"async\" class=\"alignnone wp-image-1315\" src=\"https:\/\/laplattea.com\/wp-content\/uploads\/2023\/11\/gluten.jpg\" alt=\"\" width=\"58\" height=\"58\" srcset=\"https:\/\/laplattea.com\/wp-content\/uploads\/2023\/11\/gluten.jpg 128w, https:\/\/laplattea.com\/wp-content\/uploads\/2023\/11\/gluten-12x12.jpg 12w\" sizes=\"(max-width: 58px) 100vw, 58px\" \/> <img decoding=\"async\" class=\"alignnone wp-image-1317\" src=\"https:\/\/laplattea.com\/wp-content\/uploads\/2023\/11\/lacteos.jpg\" alt=\"\" width=\"58\" height=\"58\" srcset=\"https:\/\/laplattea.com\/wp-content\/uploads\/2023\/11\/lacteos.jpg 128w, https:\/\/laplattea.com\/wp-content\/uploads\/2023\/11\/lacteos-12x12.jpg 12w\" sizes=\"(max-width: 58px) 100vw, 58px\" \/>\u00a0<img decoding=\"async\" class=\"alignnone wp-image-1316\" src=\"https:\/\/laplattea.com\/wp-content\/uploads\/2023\/11\/huevos.jpg\" alt=\"\" width=\"58\" height=\"58\" srcset=\"https:\/\/laplattea.com\/wp-content\/uploads\/2023\/11\/huevos.jpg 128w, https:\/\/laplattea.com\/wp-content\/uploads\/2023\/11\/huevos-12x12.jpg 12w\" sizes=\"(max-width: 58px) 100vw, 58px\" \/><\/p><p><strong>Puede contener:<\/strong><\/p><p><img loading=\"lazy\" decoding=\"async\" class=\"alignnone wp-image-1314\" src=\"https:\/\/laplattea.com\/wp-content\/uploads\/2023\/11\/frutos-secos.jpg\" alt=\"\" width=\"58\" height=\"58\" srcset=\"https:\/\/laplattea.com\/wp-content\/uploads\/2023\/11\/frutos-secos.jpg 128w, https:\/\/laplattea.com\/wp-content\/uploads\/2023\/11\/frutos-secos-12x12.jpg 12w\" sizes=\"(max-width: 58px) 100vw, 58px\" \/>\u00a0<img loading=\"lazy\" decoding=\"async\" class=\"alignnone wp-image-1412\" src=\"https:\/\/laplattea.com\/wp-content\/uploads\/2023\/11\/soja.jpg\" alt=\"\" width=\"58\" height=\"58\" srcset=\"https:\/\/laplattea.com\/wp-content\/uploads\/2023\/11\/soja.jpg 128w, https:\/\/laplattea.com\/wp-content\/uploads\/2023\/11\/soja-12x12.jpg 12w\" sizes=\"(max-width: 58px) 100vw, 58px\" \/><img loading=\"lazy\" decoding=\"async\" class=\"alignnone wp-image-1312\" src=\"https:\/\/laplattea.com\/wp-content\/uploads\/2023\/11\/cacahuetes.jpg\" alt=\"\" width=\"58\" height=\"58\" srcset=\"https:\/\/laplattea.com\/wp-content\/uploads\/2023\/11\/cacahuetes.jpg 128w, https:\/\/laplattea.com\/wp-content\/uploads\/2023\/11\/cacahuetes-12x12.jpg 12w\" sizes=\"(max-width: 58px) 100vw, 58px\" \/><\/p>\t\t\t\t\t\t<\/div>\n\t\t\t\t<\/div>\n\t\t\t\t\t<\/div>\n\t\t<\/div>\n\t\t\t\t<div class=\"elementor-column elementor-col-33 elementor-top-column elementor-element elementor-element-8eb88e9\" data-id=\"8eb88e9\" data-element_type=\"column\">\n\t\t\t<div class=\"elementor-widget-wrap elementor-element-populated\">\n\t\t\t\t\t\t<div class=\"elementor-element elementor-element-b07a829 elementor-widget elementor-widget-heading\" data-id=\"b07a829\" data-element_type=\"widget\" data-widget_type=\"heading.default\">\n\t\t\t\t<div class=\"elementor-widget-container\">\n\t\t\t<h3 class=\"elementor-heading-title elementor-size-default\">Tarta Sacher<\/h3>\t\t<\/div>\n\t\t\t\t<\/div>\n\t\t\t\t<div class=\"elementor-element elementor-element-3398611 elementor-widget__width-initial elementor-widget elementor-widget-text-editor\" data-id=\"3398611\" data-element_type=\"widget\" data-widget_type=\"text-editor.default\">\n\t\t\t\t<div class=\"elementor-widget-container\">\n\t\t\t\t\t\t\t<p style=\"text-align: left;\"><strong>Contiene:<\/strong><\/p><p style=\"text-align: left;\"><img decoding=\"async\" class=\"alignnone wp-image-1315\" src=\"https:\/\/laplattea.com\/wp-content\/uploads\/2023\/11\/gluten.jpg\" alt=\"\" width=\"58\" height=\"58\" srcset=\"https:\/\/laplattea.com\/wp-content\/uploads\/2023\/11\/gluten.jpg 128w, https:\/\/laplattea.com\/wp-content\/uploads\/2023\/11\/gluten-12x12.jpg 12w\" sizes=\"(max-width: 58px) 100vw, 58px\" \/> <img decoding=\"async\" class=\"alignnone wp-image-1317\" src=\"https:\/\/laplattea.com\/wp-content\/uploads\/2023\/11\/lacteos.jpg\" alt=\"\" width=\"58\" height=\"58\" srcset=\"https:\/\/laplattea.com\/wp-content\/uploads\/2023\/11\/lacteos.jpg 128w, https:\/\/laplattea.com\/wp-content\/uploads\/2023\/11\/lacteos-12x12.jpg 12w\" sizes=\"(max-width: 58px) 100vw, 58px\" \/>\u00a0<img decoding=\"async\" class=\"alignnone wp-image-1316\" src=\"https:\/\/laplattea.com\/wp-content\/uploads\/2023\/11\/huevos.jpg\" alt=\"\" width=\"58\" height=\"58\" srcset=\"https:\/\/laplattea.com\/wp-content\/uploads\/2023\/11\/huevos.jpg 128w, https:\/\/laplattea.com\/wp-content\/uploads\/2023\/11\/huevos-12x12.jpg 12w\" sizes=\"(max-width: 58px) 100vw, 58px\" \/><\/p><p><strong>Puede contener:<\/strong><\/p><p><img loading=\"lazy\" decoding=\"async\" class=\"alignnone wp-image-1314\" src=\"https:\/\/laplattea.com\/wp-content\/uploads\/2023\/11\/frutos-secos.jpg\" alt=\"\" width=\"58\" height=\"58\" srcset=\"https:\/\/laplattea.com\/wp-content\/uploads\/2023\/11\/frutos-secos.jpg 128w, https:\/\/laplattea.com\/wp-content\/uploads\/2023\/11\/frutos-secos-12x12.jpg 12w\" sizes=\"(max-width: 58px) 100vw, 58px\" \/>\u00a0<img loading=\"lazy\" decoding=\"async\" class=\"alignnone wp-image-1412\" src=\"https:\/\/laplattea.com\/wp-content\/uploads\/2023\/11\/soja.jpg\" alt=\"\" width=\"58\" height=\"58\" srcset=\"https:\/\/laplattea.com\/wp-content\/uploads\/2023\/11\/soja.jpg 128w, https:\/\/laplattea.com\/wp-content\/uploads\/2023\/11\/soja-12x12.jpg 12w\" sizes=\"(max-width: 58px) 100vw, 58px\" \/><img loading=\"lazy\" decoding=\"async\" class=\"alignnone wp-image-1312\" src=\"https:\/\/laplattea.com\/wp-content\/uploads\/2023\/11\/cacahuetes.jpg\" alt=\"\" width=\"58\" height=\"58\" srcset=\"https:\/\/laplattea.com\/wp-content\/uploads\/2023\/11\/cacahuetes.jpg 128w, https:\/\/laplattea.com\/wp-content\/uploads\/2023\/11\/cacahuetes-12x12.jpg 12w\" sizes=\"(max-width: 58px) 100vw, 58px\" \/><\/p>\t\t\t\t\t\t<\/div>\n\t\t\t\t<\/div>\n\t\t\t\t\t<\/div>\n\t\t<\/div>\n\t\t\t\t<div class=\"elementor-column elementor-col-33 elementor-top-column elementor-element elementor-element-3cc8c90\" data-id=\"3cc8c90\" data-element_type=\"column\">\n\t\t\t<div class=\"elementor-widget-wrap elementor-element-populated\">\n\t\t\t\t\t\t<div class=\"elementor-element elementor-element-3eec861 elementor-widget elementor-widget-heading\" data-id=\"3eec861\" data-element_type=\"widget\" data-widget_type=\"heading.default\">\n\t\t\t\t<div class=\"elementor-widget-container\">\n\t\t\t<h3 class=\"elementor-heading-title elementor-size-default\">Tarta de nocilla<\/h3>\t\t<\/div>\n\t\t\t\t<\/div>\n\t\t\t\t\t<\/div>\n\t\t<\/div>\n\t\t\t\t\t<\/div>\n\t\t<\/section>\n\t\t\t\t<section class=\"elementor-section elementor-top-section elementor-element elementor-element-33f8a1c elementor-section-boxed elementor-section-height-default elementor-section-height-default\" data-id=\"33f8a1c\" data-element_type=\"section\">\n\t\t\t\t\t\t<div class=\"elementor-container elementor-column-gap-extended\">\n\t\t\t\t\t<div class=\"elementor-column elementor-col-50 elementor-top-column elementor-element elementor-element-7eece0f\" data-id=\"7eece0f\" data-element_type=\"column\">\n\t\t\t<div class=\"elementor-widget-wrap elementor-element-populated\">\n\t\t\t\t\t\t<div class=\"elementor-element elementor-element-9bbd45a elementor-widget elementor-widget-heading\" data-id=\"9bbd45a\" data-element_type=\"widget\" data-widget_type=\"heading.default\">\n\t\t\t\t<div class=\"elementor-widget-container\">\n\t\t\t<h3 class=\"elementor-heading-title elementor-size-default\">American carrot<\/h3>\t\t<\/div>\n\t\t\t\t<\/div>\n\t\t\t\t<div class=\"elementor-element elementor-element-57909e7 elementor-widget__width-initial elementor-widget elementor-widget-text-editor\" data-id=\"57909e7\" data-element_type=\"widget\" data-widget_type=\"text-editor.default\">\n\t\t\t\t<div class=\"elementor-widget-container\">\n\t\t\t\t\t\t\t<p style=\"text-align: left;\"><strong>Contiene:<\/strong><\/p><p style=\"text-align: left;\"><img decoding=\"async\" class=\"alignnone wp-image-1315\" src=\"https:\/\/laplattea.com\/wp-content\/uploads\/2023\/11\/gluten.jpg\" alt=\"\" width=\"58\" height=\"58\" srcset=\"https:\/\/laplattea.com\/wp-content\/uploads\/2023\/11\/gluten.jpg 128w, https:\/\/laplattea.com\/wp-content\/uploads\/2023\/11\/gluten-12x12.jpg 12w\" sizes=\"(max-width: 58px) 100vw, 58px\" \/><img loading=\"lazy\" decoding=\"async\" class=\"alignnone wp-image-1314\" src=\"https:\/\/laplattea.com\/wp-content\/uploads\/2023\/11\/frutos-secos.jpg\" alt=\"\" width=\"58\" height=\"58\" srcset=\"https:\/\/laplattea.com\/wp-content\/uploads\/2023\/11\/frutos-secos.jpg 128w, https:\/\/laplattea.com\/wp-content\/uploads\/2023\/11\/frutos-secos-12x12.jpg 12w\" sizes=\"(max-width: 58px) 100vw, 58px\" \/><img decoding=\"async\" class=\"alignnone wp-image-1317\" src=\"https:\/\/laplattea.com\/wp-content\/uploads\/2023\/11\/lacteos.jpg\" alt=\"\" width=\"58\" height=\"58\" srcset=\"https:\/\/laplattea.com\/wp-content\/uploads\/2023\/11\/lacteos.jpg 128w, https:\/\/laplattea.com\/wp-content\/uploads\/2023\/11\/lacteos-12x12.jpg 12w\" sizes=\"(max-width: 58px) 100vw, 58px\" \/>\u00a0<img decoding=\"async\" class=\"alignnone wp-image-1316\" src=\"https:\/\/laplattea.com\/wp-content\/uploads\/2023\/11\/huevos.jpg\" alt=\"\" width=\"58\" height=\"58\" srcset=\"https:\/\/laplattea.com\/wp-content\/uploads\/2023\/11\/huevos.jpg 128w, https:\/\/laplattea.com\/wp-content\/uploads\/2023\/11\/huevos-12x12.jpg 12w\" sizes=\"(max-width: 58px) 100vw, 58px\" \/><img loading=\"lazy\" decoding=\"async\" class=\"alignnone wp-image-1412\" src=\"https:\/\/laplattea.com\/wp-content\/uploads\/2023\/11\/soja.jpg\" alt=\"\" width=\"58\" height=\"58\" srcset=\"https:\/\/laplattea.com\/wp-content\/uploads\/2023\/11\/soja.jpg 128w, https:\/\/laplattea.com\/wp-content\/uploads\/2023\/11\/soja-12x12.jpg 12w\" sizes=\"(max-width: 58px) 100vw, 58px\" \/><img loading=\"lazy\" decoding=\"async\" class=\"alignnone wp-image-1312\" src=\"https:\/\/laplattea.com\/wp-content\/uploads\/2023\/11\/cacahuetes.jpg\" alt=\"\" width=\"58\" height=\"58\" srcset=\"https:\/\/laplattea.com\/wp-content\/uploads\/2023\/11\/cacahuetes.jpg 128w, https:\/\/laplattea.com\/wp-content\/uploads\/2023\/11\/cacahuetes-12x12.jpg 12w\" sizes=\"(max-width: 58px) 100vw, 58px\" \/><\/p>\t\t\t\t\t\t<\/div>\n\t\t\t\t<\/div>\n\t\t\t\t\t<\/div>\n\t\t<\/div>\n\t\t\t\t<div class=\"elementor-column elementor-col-50 elementor-top-column elementor-element elementor-element-edab1e8\" data-id=\"edab1e8\" data-element_type=\"column\">\n\t\t\t<div class=\"elementor-widget-wrap elementor-element-populated\">\n\t\t\t\t\t\t<div class=\"elementor-element elementor-element-f0339c0 elementor-widget elementor-widget-heading\" data-id=\"f0339c0\" data-element_type=\"widget\" data-widget_type=\"heading.default\">\n\t\t\t\t<div class=\"elementor-widget-container\">\n\t\t\t<h3 class=\"elementor-heading-title elementor-size-default\">Brownie con nata<\/h3>\t\t<\/div>\n\t\t\t\t<\/div>\n\t\t\t\t<div class=\"elementor-element elementor-element-6dfc348 elementor-widget__width-initial elementor-widget elementor-widget-text-editor\" data-id=\"6dfc348\" data-element_type=\"widget\" data-widget_type=\"text-editor.default\">\n\t\t\t\t<div class=\"elementor-widget-container\">\n\t\t\t\t\t\t\t<p style=\"text-align: left;\"><strong>Contiene:<\/strong><\/p><p style=\"text-align: left;\"><img decoding=\"async\" class=\"alignnone wp-image-1315\" src=\"https:\/\/laplattea.com\/wp-content\/uploads\/2023\/11\/gluten.jpg\" alt=\"\" width=\"58\" height=\"58\" srcset=\"https:\/\/laplattea.com\/wp-content\/uploads\/2023\/11\/gluten.jpg 128w, https:\/\/laplattea.com\/wp-content\/uploads\/2023\/11\/gluten-12x12.jpg 12w\" sizes=\"(max-width: 58px) 100vw, 58px\" \/><img loading=\"lazy\" decoding=\"async\" class=\"alignnone wp-image-1314\" src=\"https:\/\/laplattea.com\/wp-content\/uploads\/2023\/11\/frutos-secos.jpg\" alt=\"\" width=\"58\" height=\"58\" srcset=\"https:\/\/laplattea.com\/wp-content\/uploads\/2023\/11\/frutos-secos.jpg 128w, https:\/\/laplattea.com\/wp-content\/uploads\/2023\/11\/frutos-secos-12x12.jpg 12w\" sizes=\"(max-width: 58px) 100vw, 58px\" \/><img decoding=\"async\" class=\"alignnone wp-image-1317\" src=\"https:\/\/laplattea.com\/wp-content\/uploads\/2023\/11\/lacteos.jpg\" alt=\"\" width=\"58\" height=\"58\" srcset=\"https:\/\/laplattea.com\/wp-content\/uploads\/2023\/11\/lacteos.jpg 128w, https:\/\/laplattea.com\/wp-content\/uploads\/2023\/11\/lacteos-12x12.jpg 12w\" sizes=\"(max-width: 58px) 100vw, 58px\" \/>\u00a0<img decoding=\"async\" class=\"alignnone wp-image-1316\" src=\"https:\/\/laplattea.com\/wp-content\/uploads\/2023\/11\/huevos.jpg\" alt=\"\" width=\"58\" height=\"58\" srcset=\"https:\/\/laplattea.com\/wp-content\/uploads\/2023\/11\/huevos.jpg 128w, https:\/\/laplattea.com\/wp-content\/uploads\/2023\/11\/huevos-12x12.jpg 12w\" sizes=\"(max-width: 58px) 100vw, 58px\" \/><img loading=\"lazy\" decoding=\"async\" class=\"alignnone wp-image-1412\" src=\"https:\/\/laplattea.com\/wp-content\/uploads\/2023\/11\/soja.jpg\" alt=\"\" width=\"58\" height=\"58\" srcset=\"https:\/\/laplattea.com\/wp-content\/uploads\/2023\/11\/soja.jpg 128w, https:\/\/laplattea.com\/wp-content\/uploads\/2023\/11\/soja-12x12.jpg 12w\" sizes=\"(max-width: 58px) 100vw, 58px\" \/><img loading=\"lazy\" decoding=\"async\" class=\"alignnone wp-image-1312\" src=\"https:\/\/laplattea.com\/wp-content\/uploads\/2023\/11\/cacahuetes.jpg\" alt=\"\" width=\"58\" height=\"58\" srcset=\"https:\/\/laplattea.com\/wp-content\/uploads\/2023\/11\/cacahuetes.jpg 128w, https:\/\/laplattea.com\/wp-content\/uploads\/2023\/11\/cacahuetes-12x12.jpg 12w\" sizes=\"(max-width: 58px) 100vw, 58px\" \/><\/p>\t\t\t\t\t\t<\/div>\n\t\t\t\t<\/div>\n\t\t\t\t\t<\/div>\n\t\t<\/div>\n\t\t\t\t\t<\/div>\n\t\t<\/section>\n\t\t\t\t<\/div>","protected":false},"excerpt":{"rendered":"<p>postres Tarta de queso casera Premium Contiene: \u00a0 Puede contener: \u00a0 Tarta Sacher Contiene: \u00a0 Puede contener: \u00a0 Tarta de nocilla American carrot Contiene: \u00a0 Brownie con nata Contiene: \u00a0<\/p>","protected":false},"author":1,"featured_media":0,"parent":0,"menu_order":0,"comment_status":"closed","ping_status":"closed","template":"page-templates\/template-pagebuilder-full-width.php","meta":{"neve_meta_sidebar":"","neve_meta_container":"","neve_meta_enable_content_width":"","neve_meta_content_width":0,"neve_meta_title_alignment":"","neve_meta_author_avatar":"","neve_post_elements_order":"","neve_meta_disable_header":"","neve_meta_disable_footer":"","neve_meta_disable_title":"on","neve_meta_reading_time":"","footnotes":""},"class_list":["post-914","page","type-page","status-publish","hentry"],"yoast_head":"<!-- This site is optimized with the Yoast SEO Premium plugin v20.9 (Yoast SEO v23.4) - https:\/\/yoast.com\/wordpress\/plugins\/seo\/ -->\n<title>Postres - La Plattea<\/title>\n<meta name=\"description\" content=\"Cafeter\u00eda vintage en Gij\u00f3n. D\u00e9jate cautivar por el encanto de nuestro ambiente retro mientras saboreas exquisitos caf\u00e9s y deliciosos postres.\" \/>\n<meta name=\"robots\" content=\"index, follow, max-snippet:-1, max-image-preview:large, max-video-preview:-1\" \/>\n<link rel=\"canonical\" href=\"https:\/\/laplattea.com\/en\/postres\/\" \/>\n<meta property=\"og:locale\" content=\"en_US\" \/>\n<meta property=\"og:type\" content=\"article\" \/>\n<meta property=\"og:title\" content=\"Postres\" \/>\n<meta property=\"og:description\" content=\"Cafeter\u00eda vintage en Gij\u00f3n. D\u00e9jate cautivar por el encanto de nuestro ambiente retro mientras saboreas exquisitos caf\u00e9s y deliciosos postres.\" \/>\n<meta property=\"og:url\" content=\"https:\/\/laplattea.com\/en\/postres\/\" \/>\n<meta property=\"og:site_name\" content=\"La Plattea\" \/>\n<meta property=\"article:modified_time\" content=\"2024-09-19T11:51:49+00:00\" \/>\n<meta property=\"og:image\" content=\"https:\/\/laplattea.com\/wp-content\/uploads\/2023\/11\/gluten.jpg\" \/>\n<meta name=\"twitter:card\" content=\"summary_large_image\" \/>\n<meta name=\"twitter:label1\" content=\"Est. reading time\" \/>\n\t<meta name=\"twitter:data1\" content=\"5 minutes\" \/>\n<script type=\"application\/ld+json\" class=\"yoast-schema-graph\">{\"@context\":\"https:\/\/schema.org\",\"@graph\":[{\"@type\":\"WebPage\",\"@id\":\"https:\/\/laplattea.com\/postres\/\",\"url\":\"https:\/\/laplattea.com\/postres\/\",\"name\":\"Postres - La Plattea\",\"isPartOf\":{\"@id\":\"https:\/\/laplattea.com\/#website\"},\"primaryImageOfPage\":{\"@id\":\"https:\/\/laplattea.com\/postres\/#primaryimage\"},\"image\":{\"@id\":\"https:\/\/laplattea.com\/postres\/#primaryimage\"},\"thumbnailUrl\":\"https:\/\/laplattea.com\/wp-content\/uploads\/2023\/11\/gluten.jpg\",\"datePublished\":\"2023-07-24T11:05:23+00:00\",\"dateModified\":\"2024-09-19T11:51:49+00:00\",\"description\":\"Cafeter\u00eda vintage en Gij\u00f3n. D\u00e9jate cautivar por el encanto de nuestro ambiente retro mientras saboreas exquisitos caf\u00e9s y deliciosos postres.\",\"breadcrumb\":{\"@id\":\"https:\/\/laplattea.com\/postres\/#breadcrumb\"},\"inLanguage\":\"en-US\",\"potentialAction\":[{\"@type\":\"ReadAction\",\"target\":[\"https:\/\/laplattea.com\/postres\/\"]}]},{\"@type\":\"ImageObject\",\"inLanguage\":\"en-US\",\"@id\":\"https:\/\/laplattea.com\/postres\/#primaryimage\",\"url\":\"https:\/\/laplattea.com\/wp-content\/uploads\/2023\/11\/gluten.jpg\",\"contentUrl\":\"https:\/\/laplattea.com\/wp-content\/uploads\/2023\/11\/gluten.jpg\"},{\"@type\":\"BreadcrumbList\",\"@id\":\"https:\/\/laplattea.com\/postres\/#breadcrumb\",\"itemListElement\":[{\"@type\":\"ListItem\",\"position\":1,\"name\":\"Portada\",\"item\":\"https:\/\/laplattea.com\/\"},{\"@type\":\"ListItem\",\"position\":2,\"name\":\"Postres\"}]},{\"@type\":\"WebSite\",\"@id\":\"https:\/\/laplattea.com\/#website\",\"url\":\"https:\/\/laplattea.com\/\",\"name\":\"La Plattea\",\"description\":\"Just another WordPress site\",\"potentialAction\":[{\"@type\":\"SearchAction\",\"target\":{\"@type\":\"EntryPoint\",\"urlTemplate\":\"https:\/\/laplattea.com\/?s={search_term_string}\"},\"query-input\":{\"@type\":\"PropertyValueSpecification\",\"valueRequired\":true,\"valueName\":\"search_term_string\"}}],\"inLanguage\":\"en-US\"}]}<\/script>\n<!-- \/ Yoast SEO Premium plugin. -->","yoast_head_json":{"title":"Postres - La Plattea","description":"Cafeter\u00eda vintage en Gij\u00f3n. D\u00e9jate cautivar por el encanto de nuestro ambiente retro mientras saboreas exquisitos caf\u00e9s y deliciosos postres.","robots":{"index":"index","follow":"follow","max-snippet":"max-snippet:-1","max-image-preview":"max-image-preview:large","max-video-preview":"max-video-preview:-1"},"canonical":"https:\/\/laplattea.com\/en\/postres\/","og_locale":"en_US","og_type":"article","og_title":"Postres","og_description":"Cafeter\u00eda vintage en Gij\u00f3n. D\u00e9jate cautivar por el encanto de nuestro ambiente retro mientras saboreas exquisitos caf\u00e9s y deliciosos postres.","og_url":"https:\/\/laplattea.com\/en\/postres\/","og_site_name":"La Plattea","article_modified_time":"2024-09-19T11:51:49+00:00","og_image":[{"url":"https:\/\/laplattea.com\/wp-content\/uploads\/2023\/11\/gluten.jpg"}],"twitter_card":"summary_large_image","twitter_misc":{"Est. reading time":"5 minutes"},"schema":{"@context":"https:\/\/schema.org","@graph":[{"@type":"WebPage","@id":"https:\/\/laplattea.com\/postres\/","url":"https:\/\/laplattea.com\/postres\/","name":"Postres - La Plattea","isPartOf":{"@id":"https:\/\/laplattea.com\/#website"},"primaryImageOfPage":{"@id":"https:\/\/laplattea.com\/postres\/#primaryimage"},"image":{"@id":"https:\/\/laplattea.com\/postres\/#primaryimage"},"thumbnailUrl":"https:\/\/laplattea.com\/wp-content\/uploads\/2023\/11\/gluten.jpg","datePublished":"2023-07-24T11:05:23+00:00","dateModified":"2024-09-19T11:51:49+00:00","description":"Cafeter\u00eda vintage en Gij\u00f3n. D\u00e9jate cautivar por el encanto de nuestro ambiente retro mientras saboreas exquisitos caf\u00e9s y deliciosos postres.","breadcrumb":{"@id":"https:\/\/laplattea.com\/postres\/#breadcrumb"},"inLanguage":"en-US","potentialAction":[{"@type":"ReadAction","target":["https:\/\/laplattea.com\/postres\/"]}]},{"@type":"ImageObject","inLanguage":"en-US","@id":"https:\/\/laplattea.com\/postres\/#primaryimage","url":"https:\/\/laplattea.com\/wp-content\/uploads\/2023\/11\/gluten.jpg","contentUrl":"https:\/\/laplattea.com\/wp-content\/uploads\/2023\/11\/gluten.jpg"},{"@type":"BreadcrumbList","@id":"https:\/\/laplattea.com\/postres\/#breadcrumb","itemListElement":[{"@type":"ListItem","position":1,"name":"Portada","item":"https:\/\/laplattea.com\/"},{"@type":"ListItem","position":2,"name":"Postres"}]},{"@type":"WebSite","@id":"https:\/\/laplattea.com\/#website","url":"https:\/\/laplattea.com\/","name":"La Plattea","description":"Just another WordPress site","potentialAction":[{"@type":"SearchAction","target":{"@type":"EntryPoint","urlTemplate":"https:\/\/laplattea.com\/?s={search_term_string}"},"query-input":{"@type":"PropertyValueSpecification","valueRequired":true,"valueName":"search_term_string"}}],"inLanguage":"en-US"}]}},"_links":{"self":[{"href":"https:\/\/laplattea.com\/en\/wp-json\/wp\/v2\/pages\/914","targetHints":{"allow":["GET"]}}],"collection":[{"href":"https:\/\/laplattea.com\/en\/wp-json\/wp\/v2\/pages"}],"about":[{"href":"https:\/\/laplattea.com\/en\/wp-json\/wp\/v2\/types\/page"}],"author":[{"embeddable":true,"href":"https:\/\/laplattea.com\/en\/wp-json\/wp\/v2\/users\/1"}],"replies":[{"embeddable":true,"href":"https:\/\/laplattea.com\/en\/wp-json\/wp\/v2\/comments?post=914"}],"version-history":[{"count":22,"href":"https:\/\/laplattea.com\/en\/wp-json\/wp\/v2\/pages\/914\/revisions"}],"predecessor-version":[{"id":1534,"href":"https:\/\/laplattea.com\/en\/wp-json\/wp\/v2\/pages\/914\/revisions\/1534"}],"wp:attachment":[{"href":"https:\/\/laplattea.com\/en\/wp-json\/wp\/v2\/media?parent=914"}],"curies":[{"name":"wp","href":"https:\/\/api.w.org\/{rel}","templated":true}]}}