{"id":760,"date":"2023-07-19T16:14:50","date_gmt":"2023-07-19T14:14:50","guid":{"rendered":"https:\/\/laplattea.com\/?page_id=760"},"modified":"2023-07-19T16:27:55","modified_gmt":"2023-07-19T14:27:55","slug":"eventos-y-catering","status":"publish","type":"page","link":"https:\/\/laplattea.com\/en\/eventos-y-catering\/","title":{"rendered":"Eventos y Catering"},"content":{"rendered":"<div data-elementor-type=\"wp-page\" data-elementor-id=\"760\" class=\"elementor elementor-760\" data-elementor-post-type=\"page\">\n\t\t\t\t\t\t<section class=\"elementor-section elementor-top-section elementor-element elementor-element-3d4530c elementor-section-boxed elementor-section-height-default elementor-section-height-default\" data-id=\"3d4530c\" data-element_type=\"section\" data-settings=\"{&quot;background_background&quot;:&quot;classic&quot;}\">\n\t\t\t\t\t\t<div class=\"elementor-container elementor-column-gap-default\">\n\t\t\t\t\t<div class=\"elementor-column elementor-col-100 elementor-top-column elementor-element elementor-element-f1bee06\" data-id=\"f1bee06\" data-element_type=\"column\">\n\t\t\t<div class=\"elementor-widget-wrap elementor-element-populated\">\n\t\t\t\t\t\t<div class=\"elementor-element elementor-element-e6ab245 elementor-widget elementor-widget-heading\" data-id=\"e6ab245\" data-element_type=\"widget\" data-widget_type=\"heading.default\">\n\t\t\t\t<div class=\"elementor-widget-container\">\n\t\t\t<h2 class=\"elementor-heading-title elementor-size-default\">proximamente<\/h2>\t\t<\/div>\n\t\t\t\t<\/div>\n\t\t\t\t<div class=\"elementor-element elementor-element-cac72ec elementor-widget elementor-widget-text-editor\" data-id=\"cac72ec\" data-element_type=\"widget\" data-widget_type=\"text-editor.default\">\n\t\t\t\t<div class=\"elementor-widget-container\">\n\t\t\t\t\t\t\t<p>Estamos prepar\u00e1ndonos para ofreceros a partir de Oto\u00f1o un servicio integral de catering para eventos, brunchs, celebraciones etc&#8230;Siempre, con la calidad y el servicio de la Plattea.<\/p>\t\t\t\t\t\t<\/div>\n\t\t\t\t<\/div>\n\t\t\t\t<div class=\"elementor-element elementor-element-8ad7fff elementor-widget elementor-widget-image\" data-id=\"8ad7fff\" data-element_type=\"widget\" data-widget_type=\"image.default\">\n\t\t\t\t<div class=\"elementor-widget-container\">\n\t\t\t\t\t\t\t\t\t\t\t\t\t<img fetchpriority=\"high\" decoding=\"async\" width=\"2560\" height=\"1707\" src=\"https:\/\/laplattea.com\/wp-content\/uploads\/2023\/07\/vista-canapes-tartaletas-sobre-mesa-buffet-scaled.jpg\" class=\"attachment-full size-full wp-image-764\" alt=\"\" srcset=\"https:\/\/laplattea.com\/wp-content\/uploads\/2023\/07\/vista-canapes-tartaletas-sobre-mesa-buffet-scaled.jpg 2560w, https:\/\/laplattea.com\/wp-content\/uploads\/2023\/07\/vista-canapes-tartaletas-sobre-mesa-buffet-300x200.jpg 300w, https:\/\/laplattea.com\/wp-content\/uploads\/2023\/07\/vista-canapes-tartaletas-sobre-mesa-buffet-1024x683.jpg 1024w, https:\/\/laplattea.com\/wp-content\/uploads\/2023\/07\/vista-canapes-tartaletas-sobre-mesa-buffet-768x512.jpg 768w, https:\/\/laplattea.com\/wp-content\/uploads\/2023\/07\/vista-canapes-tartaletas-sobre-mesa-buffet-1536x1024.jpg 1536w, https:\/\/laplattea.com\/wp-content\/uploads\/2023\/07\/vista-canapes-tartaletas-sobre-mesa-buffet-2048x1365.jpg 2048w, https:\/\/laplattea.com\/wp-content\/uploads\/2023\/07\/vista-canapes-tartaletas-sobre-mesa-buffet-18x12.jpg 18w, https:\/\/laplattea.com\/wp-content\/uploads\/2023\/07\/vista-canapes-tartaletas-sobre-mesa-buffet-930x620.jpg 930w\" sizes=\"(max-width: 2560px) 100vw, 2560px\" \/>\t\t\t\t\t\t\t\t\t\t\t\t\t<\/div>\n\t\t\t\t<\/div>\n\t\t\t\t<section class=\"elementor-section elementor-inner-section elementor-element elementor-element-ea847de elementor-section-boxed elementor-section-height-default elementor-section-height-default\" data-id=\"ea847de\" data-element_type=\"section\">\n\t\t\t\t\t\t<div class=\"elementor-container elementor-column-gap-default\">\n\t\t\t\t\t<div class=\"elementor-column elementor-col-100 elementor-inner-column elementor-element elementor-element-3a51403\" data-id=\"3a51403\" data-element_type=\"column\">\n\t\t\t<div class=\"elementor-widget-wrap elementor-element-populated\">\n\t\t\t\t\t\t<div class=\"elementor-element elementor-element-2d421f3 elementor-widget elementor-widget-text-editor\" data-id=\"2d421f3\" data-element_type=\"widget\" data-widget_type=\"text-editor.default\">\n\t\t\t\t<div class=\"elementor-widget-container\">\n\t\t\t\t\t\t\t<p>Pero si tienes un evento celebraci\u00f3n y quieres contar con nosotros, puedes hacerlo a trav\u00e9s de nuestro <span style=\"color: #d4b600;\"><a style=\"color: #d4b600;\" href=\"https:\/\/laplattea.com\/en\/contacto\/\">formulario de contacto<\/a><\/span><\/p>\t\t\t\t\t\t<\/div>\n\t\t\t\t<\/div>\n\t\t\t\t\t<\/div>\n\t\t<\/div>\n\t\t\t\t\t<\/div>\n\t\t<\/section>\n\t\t\t\t<div class=\"elementor-element elementor-element-18bc32f elementor-widget elementor-widget-image\" data-id=\"18bc32f\" data-element_type=\"widget\" data-widget_type=\"image.default\">\n\t\t\t\t<div class=\"elementor-widget-container\">\n\t\t\t\t\t\t\t\t\t\t\t\t\t<img decoding=\"async\" width=\"2560\" height=\"1707\" src=\"https:\/\/laplattea.com\/wp-content\/uploads\/2023\/07\/gente-negocios-si-mismos-snacks-scaled.jpg\" class=\"attachment-full size-full wp-image-763\" alt=\"\" srcset=\"https:\/\/laplattea.com\/wp-content\/uploads\/2023\/07\/gente-negocios-si-mismos-snacks-scaled.jpg 2560w, https:\/\/laplattea.com\/wp-content\/uploads\/2023\/07\/gente-negocios-si-mismos-snacks-300x200.jpg 300w, https:\/\/laplattea.com\/wp-content\/uploads\/2023\/07\/gente-negocios-si-mismos-snacks-1024x683.jpg 1024w, https:\/\/laplattea.com\/wp-content\/uploads\/2023\/07\/gente-negocios-si-mismos-snacks-768x512.jpg 768w, https:\/\/laplattea.com\/wp-content\/uploads\/2023\/07\/gente-negocios-si-mismos-snacks-1536x1024.jpg 1536w, https:\/\/laplattea.com\/wp-content\/uploads\/2023\/07\/gente-negocios-si-mismos-snacks-2048x1365.jpg 2048w, https:\/\/laplattea.com\/wp-content\/uploads\/2023\/07\/gente-negocios-si-mismos-snacks-18x12.jpg 18w, https:\/\/laplattea.com\/wp-content\/uploads\/2023\/07\/gente-negocios-si-mismos-snacks-930x620.jpg 930w\" sizes=\"(max-width: 2560px) 100vw, 2560px\" \/>\t\t\t\t\t\t\t\t\t\t\t\t\t<\/div>\n\t\t\t\t<\/div>\n\t\t\t\t<div class=\"elementor-element elementor-element-718276a elementor-widget elementor-widget-text-editor\" data-id=\"718276a\" data-element_type=\"widget\" data-widget_type=\"text-editor.default\">\n\t\t\t\t<div class=\"elementor-widget-container\">\n\t\t\t\t\t\t\t<p>\u00a0siguenos en nuetras redes sociales para estar al tanto de nuestras novedades<\/p>\t\t\t\t\t\t<\/div>\n\t\t\t\t<\/div>\n\t\t\t\t<div class=\"elementor-element elementor-element-cdfc95a elementor-shape-rounded elementor-grid-0 e-grid-align-center elementor-widget elementor-widget-social-icons\" data-id=\"cdfc95a\" data-element_type=\"widget\" data-widget_type=\"social-icons.default\">\n\t\t\t\t<div class=\"elementor-widget-container\">\n\t\t\t\t\t<div class=\"elementor-social-icons-wrapper elementor-grid\">\n\t\t\t\t\t\t\t<span class=\"elementor-grid-item\">\n\t\t\t\t\t<a class=\"elementor-icon elementor-social-icon elementor-social-icon-facebook elementor-repeater-item-38bce48\" href=\"https:\/\/www.facebook.com\/laplatteadegijon\/\" target=\"_blank\">\n\t\t\t\t\t\t<span class=\"elementor-screen-only\">Facebook<\/span>\n\t\t\t\t\t\t<i class=\"fab fa-facebook\"><\/i>\t\t\t\t\t<\/a>\n\t\t\t\t<\/span>\n\t\t\t\t\t\t\t<span class=\"elementor-grid-item\">\n\t\t\t\t\t<a class=\"elementor-icon elementor-social-icon elementor-social-icon-instagram elementor-repeater-item-b14fe6c\" href=\"https:\/\/www.instagram.com\/laplatteadegijon\/\" target=\"_blank\">\n\t\t\t\t\t\t<span class=\"elementor-screen-only\">Instagram<\/span>\n\t\t\t\t\t\t<i class=\"fab fa-instagram\"><\/i>\t\t\t\t\t<\/a>\n\t\t\t\t<\/span>\n\t\t\t\t\t<\/div>\n\t\t\t\t<\/div>\n\t\t\t\t<\/div>\n\t\t\t\t\t<\/div>\n\t\t<\/div>\n\t\t\t\t\t<\/div>\n\t\t<\/section>\n\t\t\t\t<\/div>","protected":false},"excerpt":{"rendered":"<p>proximamente Estamos prepar\u00e1ndonos para ofreceros a partir de Oto\u00f1o un servicio integral de catering para eventos, brunchs, celebraciones etc&#8230;Siempre, con la calidad y el servicio de la Plattea. Pero si tienes un evento celebraci\u00f3n y quieres contar con nosotros, puedes hacerlo a trav\u00e9s de nuestro formulario de contacto \u00a0siguenos en nuetras redes sociales para estar&hellip;&nbsp;<a href=\"https:\/\/laplattea.com\/en\/eventos-y-catering\/\" class=\"\" rel=\"bookmark\">Read More &raquo;<span class=\"screen-reader-text\">Eventos y Catering<\/span><\/a><\/p>","protected":false},"author":1,"featured_media":0,"parent":0,"menu_order":0,"comment_status":"closed","ping_status":"closed","template":"page-templates\/template-pagebuilder-full-width.php","meta":{"neve_meta_sidebar":"","neve_meta_container":"","neve_meta_enable_content_width":"","neve_meta_content_width":0,"neve_meta_title_alignment":"","neve_meta_author_avatar":"","neve_post_elements_order":"","neve_meta_disable_header":"","neve_meta_disable_footer":"","neve_meta_disable_title":"on","neve_meta_reading_time":"","footnotes":""},"class_list":["post-760","page","type-page","status-publish","hentry"],"yoast_head":"<!-- This site is optimized with the Yoast SEO Premium plugin v20.9 (Yoast SEO v23.4) - https:\/\/yoast.com\/wordpress\/plugins\/seo\/ -->\n<title>Eventos y Catering - La Plattea<\/title>\n<meta name=\"description\" content=\"Cafeter\u00eda vintage en Gij\u00f3n. D\u00e9jate cautivar por el encanto de nuestro ambiente retro mientras saboreas exquisitos caf\u00e9s y deliciosos postres.\" \/>\n<meta name=\"robots\" content=\"index, follow, max-snippet:-1, max-image-preview:large, max-video-preview:-1\" \/>\n<link rel=\"canonical\" href=\"https:\/\/laplattea.com\/en\/eventos-y-catering\/\" \/>\n<meta property=\"og:locale\" content=\"en_US\" \/>\n<meta property=\"og:type\" content=\"article\" \/>\n<meta property=\"og:title\" content=\"Eventos y Catering\" \/>\n<meta property=\"og:description\" content=\"Cafeter\u00eda vintage en Gij\u00f3n. D\u00e9jate cautivar por el encanto de nuestro ambiente retro mientras saboreas exquisitos caf\u00e9s y deliciosos postres.\" \/>\n<meta property=\"og:url\" content=\"https:\/\/laplattea.com\/en\/eventos-y-catering\/\" \/>\n<meta property=\"og:site_name\" content=\"La Plattea\" \/>\n<meta property=\"article:modified_time\" content=\"2023-07-19T14:27:55+00:00\" \/>\n<meta property=\"og:image\" content=\"https:\/\/laplattea.com\/wp-content\/uploads\/2023\/07\/vista-canapes-tartaletas-sobre-mesa-buffet-scaled.jpg\" \/>\n<meta name=\"twitter:card\" content=\"summary_large_image\" \/>\n<meta name=\"twitter:label1\" content=\"Est. reading time\" \/>\n\t<meta name=\"twitter:data1\" content=\"1 minute\" \/>\n<script type=\"application\/ld+json\" class=\"yoast-schema-graph\">{\"@context\":\"https:\/\/schema.org\",\"@graph\":[{\"@type\":\"WebPage\",\"@id\":\"https:\/\/laplattea.com\/eventos-y-catering\/\",\"url\":\"https:\/\/laplattea.com\/eventos-y-catering\/\",\"name\":\"Eventos y Catering - La Plattea\",\"isPartOf\":{\"@id\":\"https:\/\/laplattea.com\/#website\"},\"primaryImageOfPage\":{\"@id\":\"https:\/\/laplattea.com\/eventos-y-catering\/#primaryimage\"},\"image\":{\"@id\":\"https:\/\/laplattea.com\/eventos-y-catering\/#primaryimage\"},\"thumbnailUrl\":\"https:\/\/laplattea.com\/wp-content\/uploads\/2023\/07\/vista-canapes-tartaletas-sobre-mesa-buffet-scaled.jpg\",\"datePublished\":\"2023-07-19T14:14:50+00:00\",\"dateModified\":\"2023-07-19T14:27:55+00:00\",\"description\":\"Cafeter\u00eda vintage en Gij\u00f3n. D\u00e9jate cautivar por el encanto de nuestro ambiente retro mientras saboreas exquisitos caf\u00e9s y deliciosos postres.\",\"breadcrumb\":{\"@id\":\"https:\/\/laplattea.com\/eventos-y-catering\/#breadcrumb\"},\"inLanguage\":\"en-US\",\"potentialAction\":[{\"@type\":\"ReadAction\",\"target\":[\"https:\/\/laplattea.com\/eventos-y-catering\/\"]}]},{\"@type\":\"ImageObject\",\"inLanguage\":\"en-US\",\"@id\":\"https:\/\/laplattea.com\/eventos-y-catering\/#primaryimage\",\"url\":\"https:\/\/laplattea.com\/wp-content\/uploads\/2023\/07\/vista-canapes-tartaletas-sobre-mesa-buffet-scaled.jpg\",\"contentUrl\":\"https:\/\/laplattea.com\/wp-content\/uploads\/2023\/07\/vista-canapes-tartaletas-sobre-mesa-buffet-scaled.jpg\"},{\"@type\":\"BreadcrumbList\",\"@id\":\"https:\/\/laplattea.com\/eventos-y-catering\/#breadcrumb\",\"itemListElement\":[{\"@type\":\"ListItem\",\"position\":1,\"name\":\"Portada\",\"item\":\"https:\/\/laplattea.com\/\"},{\"@type\":\"ListItem\",\"position\":2,\"name\":\"Eventos y Catering\"}]},{\"@type\":\"WebSite\",\"@id\":\"https:\/\/laplattea.com\/#website\",\"url\":\"https:\/\/laplattea.com\/\",\"name\":\"La Plattea\",\"description\":\"Just another WordPress site\",\"potentialAction\":[{\"@type\":\"SearchAction\",\"target\":{\"@type\":\"EntryPoint\",\"urlTemplate\":\"https:\/\/laplattea.com\/?s={search_term_string}\"},\"query-input\":{\"@type\":\"PropertyValueSpecification\",\"valueRequired\":true,\"valueName\":\"search_term_string\"}}],\"inLanguage\":\"en-US\"}]}<\/script>\n<!-- \/ Yoast SEO Premium plugin. -->","yoast_head_json":{"title":"Eventos y Catering - La Plattea","description":"Cafeter\u00eda vintage en Gij\u00f3n. D\u00e9jate cautivar por el encanto de nuestro ambiente retro mientras saboreas exquisitos caf\u00e9s y deliciosos postres.","robots":{"index":"index","follow":"follow","max-snippet":"max-snippet:-1","max-image-preview":"max-image-preview:large","max-video-preview":"max-video-preview:-1"},"canonical":"https:\/\/laplattea.com\/en\/eventos-y-catering\/","og_locale":"en_US","og_type":"article","og_title":"Eventos y Catering","og_description":"Cafeter\u00eda vintage en Gij\u00f3n. D\u00e9jate cautivar por el encanto de nuestro ambiente retro mientras saboreas exquisitos caf\u00e9s y deliciosos postres.","og_url":"https:\/\/laplattea.com\/en\/eventos-y-catering\/","og_site_name":"La Plattea","article_modified_time":"2023-07-19T14:27:55+00:00","og_image":[{"url":"https:\/\/laplattea.com\/wp-content\/uploads\/2023\/07\/vista-canapes-tartaletas-sobre-mesa-buffet-scaled.jpg"}],"twitter_card":"summary_large_image","twitter_misc":{"Est. reading time":"1 minute"},"schema":{"@context":"https:\/\/schema.org","@graph":[{"@type":"WebPage","@id":"https:\/\/laplattea.com\/eventos-y-catering\/","url":"https:\/\/laplattea.com\/eventos-y-catering\/","name":"Eventos y Catering - La Plattea","isPartOf":{"@id":"https:\/\/laplattea.com\/#website"},"primaryImageOfPage":{"@id":"https:\/\/laplattea.com\/eventos-y-catering\/#primaryimage"},"image":{"@id":"https:\/\/laplattea.com\/eventos-y-catering\/#primaryimage"},"thumbnailUrl":"https:\/\/laplattea.com\/wp-content\/uploads\/2023\/07\/vista-canapes-tartaletas-sobre-mesa-buffet-scaled.jpg","datePublished":"2023-07-19T14:14:50+00:00","dateModified":"2023-07-19T14:27:55+00:00","description":"Cafeter\u00eda vintage en Gij\u00f3n. D\u00e9jate cautivar por el encanto de nuestro ambiente retro mientras saboreas exquisitos caf\u00e9s y deliciosos postres.","breadcrumb":{"@id":"https:\/\/laplattea.com\/eventos-y-catering\/#breadcrumb"},"inLanguage":"en-US","potentialAction":[{"@type":"ReadAction","target":["https:\/\/laplattea.com\/eventos-y-catering\/"]}]},{"@type":"ImageObject","inLanguage":"en-US","@id":"https:\/\/laplattea.com\/eventos-y-catering\/#primaryimage","url":"https:\/\/laplattea.com\/wp-content\/uploads\/2023\/07\/vista-canapes-tartaletas-sobre-mesa-buffet-scaled.jpg","contentUrl":"https:\/\/laplattea.com\/wp-content\/uploads\/2023\/07\/vista-canapes-tartaletas-sobre-mesa-buffet-scaled.jpg"},{"@type":"BreadcrumbList","@id":"https:\/\/laplattea.com\/eventos-y-catering\/#breadcrumb","itemListElement":[{"@type":"ListItem","position":1,"name":"Portada","item":"https:\/\/laplattea.com\/"},{"@type":"ListItem","position":2,"name":"Eventos y Catering"}]},{"@type":"WebSite","@id":"https:\/\/laplattea.com\/#website","url":"https:\/\/laplattea.com\/","name":"La Plattea","description":"Just another WordPress site","potentialAction":[{"@type":"SearchAction","target":{"@type":"EntryPoint","urlTemplate":"https:\/\/laplattea.com\/?s={search_term_string}"},"query-input":{"@type":"PropertyValueSpecification","valueRequired":true,"valueName":"search_term_string"}}],"inLanguage":"en-US"}]}},"_links":{"self":[{"href":"https:\/\/laplattea.com\/en\/wp-json\/wp\/v2\/pages\/760","targetHints":{"allow":["GET"]}}],"collection":[{"href":"https:\/\/laplattea.com\/en\/wp-json\/wp\/v2\/pages"}],"about":[{"href":"https:\/\/laplattea.com\/en\/wp-json\/wp\/v2\/types\/page"}],"author":[{"embeddable":true,"href":"https:\/\/laplattea.com\/en\/wp-json\/wp\/v2\/users\/1"}],"replies":[{"embeddable":true,"href":"https:\/\/laplattea.com\/en\/wp-json\/wp\/v2\/comments?post=760"}],"version-history":[{"count":13,"href":"https:\/\/laplattea.com\/en\/wp-json\/wp\/v2\/pages\/760\/revisions"}],"predecessor-version":[{"id":776,"href":"https:\/\/laplattea.com\/en\/wp-json\/wp\/v2\/pages\/760\/revisions\/776"}],"wp:attachment":[{"href":"https:\/\/laplattea.com\/en\/wp-json\/wp\/v2\/media?parent=760"}],"curies":[{"name":"wp","href":"https:\/\/api.w.org\/{rel}","templated":true}]}}